{"id":4433,"date":"2023-01-08T05:06:46","date_gmt":"2023-01-08T05:06:46","guid":{"rendered":"https:\/\/vherbs.vn\/?page_id=4433"},"modified":"2023-02-07T02:08:52","modified_gmt":"2023-02-07T02:08:52","slug":"about-us","status":"publish","type":"page","link":"https:\/\/vherbs.vn\/en\/about-us\/","title":{"rendered":"About us"},"content":{"rendered":"\t\t<div data-elementor-type=\"wp-page\" data-elementor-id=\"4433\" class=\"elementor elementor-4433\">\n\t\t\t\t\t\t<section class=\"elementor-section elementor-top-section elementor-element elementor-element-673812b elementor-section-boxed elementor-section-height-default elementor-section-height-default\" data-id=\"673812b\" data-element_type=\"section\">\n\t\t\t\t\t\t<div class=\"elementor-container elementor-column-gap-extended\">\n\t\t\t\t\t<div class=\"elementor-column elementor-col-50 elementor-top-column elementor-element elementor-element-82e46f8\" data-id=\"82e46f8\" data-element_type=\"column\">\n\t\t\t<div class=\"elementor-widget-wrap elementor-element-populated\">\n\t\t\t\t\t\t<div class=\"elementor-element elementor-element-945d645 elementor-widget elementor-widget-tw-about-image\" data-id=\"945d645\" data-element_type=\"widget\" data-widget_type=\"tw-about-image.default\">\n\t\t\t\t<div class=\"elementor-widget-container\">\n\t\t\t        <div class=\"abThumb move_anim text-center\">\r\n                                        <img decoding=\"async\" src=\"https:\/\/vherbs.vn\/wp-content\/uploads\/2021\/11\/1-1.png\" alt=\"Front Image\">\r\n                    <\/div>\r\n        \t\t<\/div>\n\t\t\t\t<\/div>\n\t\t\t\t\t<\/div>\n\t\t<\/div>\n\t\t\t\t<div class=\"elementor-column elementor-col-50 elementor-top-column elementor-element elementor-element-11cdc3e\" data-id=\"11cdc3e\" data-element_type=\"column\">\n\t\t\t<div class=\"elementor-widget-wrap elementor-element-populated\">\n\t\t\t\t\t\t<div class=\"elementor-element elementor-element-62fc087 orga_t_align elementor-align-left elementor-widget elementor-widget-tw-sec-title\" data-id=\"62fc087\" data-element_type=\"widget\" data-widget_type=\"tw-sec-title.default\">\n\t\t\t\t<div class=\"elementor-widget-container\">\n\t\t\t                    <div class=\"subTitle sbsm\">V\u1ec1 ch\u00fang t\u00f4i<\/div>\r\n                            <h2 class=\"secTitle\">Viet Herbs Corp<\/h2>\r\n        \t\t<\/div>\n\t\t\t\t<\/div>\n\t\t\t\t<div class=\"elementor-element elementor-element-e05899b pr_paragraphs elementor-align-left elementor-widget elementor-widget-tw-text\" data-id=\"e05899b\" data-element_type=\"widget\" data-widget_type=\"tw-text.default\">\n\t\t\t\t<div class=\"elementor-widget-container\">\n\t\t\t<p class=\"orga_paragraph \"><b>Vherbs<\/b> l\u00e0 nh\u00e3n h\u00e0ng thu\u1ed9c quy\u1ec1n s\u1edf h\u1eefu c\u00f4ng ty c\u1ed5 ph\u1ea7n Vi\u1ec7t Herbs. Ra \u0111\u1eddi t\u1eeb s\u1ef1 \u1ea5p \u1ee7 nhi\u1ec1u n\u0103m qua c\u1ee7a \u00f4ng Tr\u1ea7n Tr\u1ecdng L\u00e2m . \u00d4ng mong mu\u1ed1n g\u1ea7y d\u1ef1ng l\u1ea1i ngh\u1ec1 l\u00e0m thu\u1ed1c truy\u1ec1n th\u1ed1ng c\u1ee7a gia \u0111\u00ecnh t\u1eeb h\u00e0ng tr\u0103m n\u0103m tr\u01b0\u1edbc t\u1ea1i m\u1ed9t v\u00f9ng ng\u1ecdai \u00f4 H\u00e0 N\u1ed9i . Ong c\u00f3 m\u1ed9t ni\u1ec1m khao kh\u00e1t m\u00e3nh li\u1ec7t l\u00e0m sao ph\u00e1t tri\u1ec3n \u0111\u01b0\u1ee3c ngh\u1ec1 l\u00e0m thu\u1ed1c truy\u1ec1n th\u1ed1ng c\u1ee7a gia \u0111\u00ecnh t\u1eeb ngu\u1ed3n th\u1ea3o d\u01b0\u1ee3c thi\u00ean nhi\u00ean phong ph\u00fa c\u1ee7a Vi\u1ec7t Nam.<\/p>\t\t<\/div>\n\t\t\t\t<\/div>\n\t\t\t\t<div class=\"elementor-element elementor-element-bffd947 list_align elementor-align-left elementor-widget elementor-widget-tw-lists\" data-id=\"bffd947\" data-element_type=\"widget\" data-widget_type=\"tw-lists.default\">\n\t\t\t\t<div class=\"elementor-widget-container\">\n\t\t\t                <ul class=\"listItem withbg\">\r\n                                            <li><span>\r\n                                                            <i class=\"twi-check-circle\"><\/i>\r\n                                                        100% T\u1ef1 nhi\u00ean                        <\/span><\/li>\r\n                                                <li><span>\r\n                                                            <i class=\"twi-check-circle\"><\/i>\r\n                                                        An to\u00e0n cho s\u1ee9c kh\u1ecfe                        <\/span><\/li>\r\n                                                <li><span>\r\n                                                            <i class=\"twi-check-circle\"><\/i>\r\n                                                        Kh\u00f4ng h\u00f3a ch\u1ea5t, h\u01b0\u01a1ng li\u1ec7u                        <\/span><\/li>\r\n                                        <\/ul>\r\n            \t\t<\/div>\n\t\t\t\t<\/div>\n\t\t\t\t<div class=\"elementor-element elementor-element-f0fdd3b btn_align elementor-align-left elementor-widget elementor-widget-tw-button\" data-id=\"f0fdd3b\" data-element_type=\"widget\" data-widget_type=\"tw-button.default\">\n\t\t\t\t<div class=\"elementor-widget-container\">\n\t\t\t        <a target=&quot;_blank&quot;  rel=&quot;nofollow&quot; href=\"https:\/\/vherbs.vn\/shop\/\" class=\"organ_btn in_right\">\u0110\u1eb7t h\u00e0ng ngay!<i class=\"twi-arrow-right1\"><\/i><\/a>\r\n        \t\t<\/div>\n\t\t\t\t<\/div>\n\t\t\t\t\t<\/div>\n\t\t<\/div>\n\t\t\t\t\t<\/div>\n\t\t<\/section>\n\t\t\t\t<section class=\"elementor-section elementor-top-section elementor-element elementor-element-b8ac9ec elementor-section-boxed elementor-section-height-default elementor-section-height-default\" data-id=\"b8ac9ec\" data-element_type=\"section\">\n\t\t\t\t\t\t<div class=\"elementor-container elementor-column-gap-extended\">\n\t\t\t\t\t<div class=\"elementor-column elementor-col-100 elementor-top-column elementor-element elementor-element-0cd6f0e\" data-id=\"0cd6f0e\" data-element_type=\"column\">\n\t\t\t<div class=\"elementor-widget-wrap elementor-element-populated\">\n\t\t\t\t\t\t<div class=\"elementor-element elementor-element-0fd5c37 orga_t_align elementor-align-center elementor-widget elementor-widget-tw-sec-title\" data-id=\"0fd5c37\" data-element_type=\"widget\" data-widget_type=\"tw-sec-title.default\">\n\t\t\t\t<div class=\"elementor-widget-container\">\n\t\t\t                    <div class=\"subTitle sbsm\">Only Organic<\/div>\r\n                            <h2 class=\"secTitle\">What We Offer for You<\/h2>\r\n        \t\t<\/div>\n\t\t\t\t<\/div>\n\t\t\t\t<div class=\"elementor-element elementor-element-990cb54 elementor-widget elementor-widget-tw-product-categories\" data-id=\"990cb54\" data-element_type=\"widget\" data-widget_type=\"tw-product-categories.default\">\n\t\t\t\t<div class=\"elementor-widget-container\">\n\t\t\t            <div class=\"productCatSliderWrap\"\r\n             data-autoplay=\"yes\"\r\n             data-loop=\"yes\"\r\n             data-nav=\"no\"\r\n             data-dots=\"no\"\r\n            >\r\n            <div class=\"cateSlider owl-carousel\">\r\n                                    <div class=\"cateItem\">\r\n                        <div class=\"cateImage\">\r\n                            <img decoding=\"async\" src=\"https:\/\/vherbs.vn\/wp-content\/uploads\/2021\/11\/c1-1-269x182.png\" alt=\"Vegetables\">\r\n                        <\/div>\r\n                        <a class=\"cate\" href=\"\">Vegetables<\/a>\r\n                    <\/div>\r\n                                    <div class=\"cateItem\">\r\n                        <div class=\"cateImage\">\r\n                            <img decoding=\"async\" src=\"https:\/\/vherbs.vn\/wp-content\/uploads\/2021\/11\/c2-1-269x182.png\" alt=\" Fresh Fruits\">\r\n                        <\/div>\r\n                        <a class=\"cate\" href=\"https:\/\/vherbs.vn\/en\/danh-muc-san-pham\/san-pham-oem\/\"> Fresh Fruits<\/a>\r\n                    <\/div>\r\n                                    <div class=\"cateItem\">\r\n                        <div class=\"cateImage\">\r\n                            <img decoding=\"async\" src=\"https:\/\/vherbs.vn\/wp-content\/uploads\/2021\/11\/c3-269x182.png\" alt=\"Spices\">\r\n                        <\/div>\r\n                        <a class=\"cate\" href=\"\">Spices<\/a>\r\n                    <\/div>\r\n                                    <div class=\"cateItem\">\r\n                        <div class=\"cateImage\">\r\n                            <img decoding=\"async\" src=\"https:\/\/vherbs.vn\/wp-content\/uploads\/2021\/11\/black-tea_5427143-269x182.png\" alt=\"Tr\u00e0 th\u1ea3o m\u1ed9c\">\r\n                        <\/div>\r\n                        <a class=\"cate\" href=\"https:\/\/vherbs.vn\/en\/danh-muc-san-pham\/tra-thao-moc\/\">Tr\u00e0 th\u1ea3o m\u1ed9c<\/a>\r\n                    <\/div>\r\n                                    <div class=\"cateItem\">\r\n                        <div class=\"cateImage\">\r\n                            <img decoding=\"async\" src=\"https:\/\/vherbs.vn\/wp-content\/uploads\/2021\/11\/nut-fruit-mixed-food_6372926-269x182.png\" alt=\"\">\r\n                        <\/div>\r\n                        <a class=\"cate\" href=\"\"><\/a>\r\n                    <\/div>\r\n                            <\/div>\r\n        <\/div>\r\n    \r\n\t\t<\/div>\n\t\t\t\t<\/div>\n\t\t\t\t\t<\/div>\n\t\t<\/div>\n\t\t\t\t\t<\/div>\n\t\t<\/section>\n\t\t\t\t<section class=\"elementor-section elementor-top-section elementor-element elementor-element-bd41ed4 elementor-section-boxed elementor-section-height-default elementor-section-height-default\" data-id=\"bd41ed4\" data-element_type=\"section\" data-settings=\"{&quot;background_background&quot;:&quot;classic&quot;}\">\n\t\t\t\t\t\t\t<div class=\"elementor-background-overlay\"><\/div>\n\t\t\t\t\t\t\t<div class=\"elementor-container elementor-column-gap-extended\">\n\t\t\t\t\t<div class=\"elementor-column elementor-col-66 elementor-top-column elementor-element elementor-element-51dda9f\" data-id=\"51dda9f\" data-element_type=\"column\">\n\t\t\t<div class=\"elementor-widget-wrap elementor-element-populated\">\n\t\t\t\t\t\t<div class=\"elementor-element elementor-element-a7ad3b1 orga_t_align elementor-align-left elementor-widget elementor-widget-tw-sec-title\" data-id=\"a7ad3b1\" data-element_type=\"widget\" data-widget_type=\"tw-sec-title.default\">\n\t\t\t\t<div class=\"elementor-widget-container\">\n\t\t\t                    <div class=\"subTitle sbsm\">How Can We Help ?<\/div>\r\n                            <h2 class=\"secTitle\">Awesome Solutions <span>100% Success<\/span><\/h2>\r\n        \t\t<\/div>\n\t\t\t\t<\/div>\n\t\t\t\t\t<\/div>\n\t\t<\/div>\n\t\t\t\t<div class=\"elementor-column elementor-col-33 elementor-top-column elementor-element elementor-element-2d6cd18\" data-id=\"2d6cd18\" data-element_type=\"column\">\n\t\t\t<div class=\"elementor-widget-wrap elementor-element-populated\">\n\t\t\t\t\t\t<div class=\"elementor-element elementor-element-aee0499 video_align elementor-mobile-align-left video_align elementor-align-right elementor-widget elementor-widget-tw-video-btn\" data-id=\"aee0499\" data-element_type=\"widget\" data-widget_type=\"tw-video-btn.default\">\n\t\t\t\t<div class=\"elementor-widget-container\">\n\t\t\t<a href=\"https:\/\/player.vimeo.com\/video\/110853090?h=8f6c17f3e5&#038;color=e35417\" class=\"popup_video onlybtn\" target=\"_blank\" rel=\"noopener\"><i class=\"twi-play1\"><\/i><span>Watch this Video<\/span><\/a>\t\t<\/div>\n\t\t\t\t<\/div>\n\t\t\t\t\t<\/div>\n\t\t<\/div>\n\t\t\t\t\t<\/div>\n\t\t<\/section>\n\t\t\t\t<section class=\"elementor-section elementor-top-section elementor-element elementor-element-35e1c1f elementor-section-boxed elementor-section-height-default elementor-section-height-default\" data-id=\"35e1c1f\" data-element_type=\"section\" data-settings=\"{&quot;background_background&quot;:&quot;classic&quot;}\">\n\t\t\t\t\t\t<div class=\"elementor-container elementor-column-gap-extended\">\n\t\t\t\t\t<div class=\"elementor-column elementor-col-25 elementor-top-column elementor-element elementor-element-247da5c\" data-id=\"247da5c\" data-element_type=\"column\">\n\t\t\t<div class=\"elementor-widget-wrap elementor-element-populated\">\n\t\t\t\t\t\t<div class=\"elementor-element elementor-element-ac1f23a ff_content elementor-align-left elementor-widget elementor-widget-tw-fun-facts\" data-id=\"ac1f23a\" data-element_type=\"widget\" data-widget_type=\"tw-fun-facts.default\">\n\t\t\t\t<div class=\"elementor-widget-container\">\n\t\t\t        <div class=\"funfact fact_01 \" data-count=\"1544\">\r\n                            <i class=\"icon-review\"><\/i>\r\n                        <h2><span class=\"counter\">1544<\/span><\/h2>\r\n                            <h3>Satisfied Clients<\/h3>\r\n                    <\/div>\r\n        \t\t<\/div>\n\t\t\t\t<\/div>\n\t\t\t\t\t<\/div>\n\t\t<\/div>\n\t\t\t\t<div class=\"elementor-column elementor-col-25 elementor-top-column elementor-element elementor-element-5319897\" data-id=\"5319897\" data-element_type=\"column\">\n\t\t\t<div class=\"elementor-widget-wrap elementor-element-populated\">\n\t\t\t\t\t\t<div class=\"elementor-element elementor-element-d0ee1b7 ff_content elementor-align-left elementor-widget elementor-widget-tw-fun-facts\" data-id=\"d0ee1b7\" data-element_type=\"widget\" data-widget_type=\"tw-fun-facts.default\">\n\t\t\t\t<div class=\"elementor-widget-container\">\n\t\t\t        <div class=\"funfact fact_01 \" data-count=\"678\">\r\n                            <i class=\"icon-team\"><\/i>\r\n                        <h2><span class=\"counter\">678<\/span><\/h2>\r\n                            <h3>Expert Team<\/h3>\r\n                    <\/div>\r\n        \t\t<\/div>\n\t\t\t\t<\/div>\n\t\t\t\t\t<\/div>\n\t\t<\/div>\n\t\t\t\t<div class=\"elementor-column elementor-col-25 elementor-top-column elementor-element elementor-element-7b2fe9e\" data-id=\"7b2fe9e\" data-element_type=\"column\">\n\t\t\t<div class=\"elementor-widget-wrap elementor-element-populated\">\n\t\t\t\t\t\t<div class=\"elementor-element elementor-element-d27dd5a ff_content elementor-align-left elementor-widget elementor-widget-tw-fun-facts\" data-id=\"d27dd5a\" data-element_type=\"widget\" data-widget_type=\"tw-fun-facts.default\">\n\t\t\t\t<div class=\"elementor-widget-container\">\n\t\t\t        <div class=\"funfact fact_01 \" data-count=\"285\">\r\n                            <i class=\"icon-product\"><\/i>\r\n                        <h2><span class=\"counter\">285<\/span><\/h2>\r\n                            <h3>Activate Products<\/h3>\r\n                    <\/div>\r\n        \t\t<\/div>\n\t\t\t\t<\/div>\n\t\t\t\t\t<\/div>\n\t\t<\/div>\n\t\t\t\t<div class=\"elementor-column elementor-col-25 elementor-top-column elementor-element elementor-element-e257b72\" data-id=\"e257b72\" data-element_type=\"column\">\n\t\t\t<div class=\"elementor-widget-wrap elementor-element-populated\">\n\t\t\t\t\t\t<div class=\"elementor-element elementor-element-f78b012 ff_content elementor-align-left elementor-widget elementor-widget-tw-fun-facts\" data-id=\"f78b012\" data-element_type=\"widget\" data-widget_type=\"tw-fun-facts.default\">\n\t\t\t\t<div class=\"elementor-widget-container\">\n\t\t\t        <div class=\"funfact fact_01 \" data-count=\"27\">\r\n                            <i class=\"icon-medal\"><\/i>\r\n                        <h2><span class=\"counter\">27<\/span><\/h2>\r\n                            <h3>Awards Winning<\/h3>\r\n                    <\/div>\r\n        \t\t<\/div>\n\t\t\t\t<\/div>\n\t\t\t\t\t<\/div>\n\t\t<\/div>\n\t\t\t\t\t<\/div>\n\t\t<\/section>\n\t\t\t\t<section class=\"elementor-section elementor-top-section elementor-element elementor-element-c28a993 elementor-section-boxed elementor-section-height-default elementor-section-height-default\" data-id=\"c28a993\" data-element_type=\"section\" data-settings=\"{&quot;background_background&quot;:&quot;classic&quot;}\">\n\t\t\t\t\t\t<div class=\"elementor-container elementor-column-gap-extended\">\n\t\t\t\t\t<div class=\"elementor-column elementor-col-50 elementor-top-column elementor-element elementor-element-8d3f1c8\" data-id=\"8d3f1c8\" data-element_type=\"column\">\n\t\t\t<div class=\"elementor-widget-wrap elementor-element-populated\">\n\t\t\t\t\t\t<div class=\"elementor-element elementor-element-e0df87c elementor-widget elementor-widget-tw-about-image\" data-id=\"e0df87c\" data-element_type=\"widget\" data-widget_type=\"tw-about-image.default\">\n\t\t\t\t<div class=\"elementor-widget-container\">\n\t\t\t        <div class=\"abThumb move_anim text-center\">\r\n                            <img decoding=\"async\" class=\"abbg\" src=\"https:\/\/vherbs.vn\/wp-content\/uploads\/2021\/11\/9.png\" alt=\"Bg Image\">\r\n                                        <img decoding=\"async\" src=\"https:\/\/vherbs.vn\/wp-content\/uploads\/2021\/11\/3-1.png\" alt=\"Front Image\">\r\n                    <\/div>\r\n        \t\t<\/div>\n\t\t\t\t<\/div>\n\t\t\t\t\t<\/div>\n\t\t<\/div>\n\t\t\t\t<div class=\"elementor-column elementor-col-50 elementor-top-column elementor-element elementor-element-c234391\" data-id=\"c234391\" data-element_type=\"column\">\n\t\t\t<div class=\"elementor-widget-wrap elementor-element-populated\">\n\t\t\t\t\t\t<div class=\"elementor-element elementor-element-647ebf5 orga_t_align elementor-align-left elementor-widget elementor-widget-tw-sec-title\" data-id=\"647ebf5\" data-element_type=\"widget\" data-widget_type=\"tw-sec-title.default\">\n\t\t\t\t<div class=\"elementor-widget-container\">\n\t\t\t                    <div class=\"subTitle sbsm\">Organic 100% genuine product served<\/div>\r\n                            <h2 class=\"secTitle\">Organic Quality and Perfomance<\/h2>\r\n        \t\t<\/div>\n\t\t\t\t<\/div>\n\t\t\t\t<div class=\"elementor-element elementor-element-b1a1a3b box_holder elementor-align-left elementor-widget elementor-widget-tw-icon-box\" data-id=\"b1a1a3b\" data-element_type=\"widget\" data-widget_type=\"tw-icon-box.default\">\n\t\t\t\t<div class=\"elementor-widget-container\">\n\t\t\t            <div class=\"icon_box_02\">\r\n                <div class=\"ibImg\">\r\n                    <i class=\"icon-user\"><\/i>                <\/div>\r\n                <h3>                    100% Payment Secure                <\/h3>\r\n                <p>\r\n                    Apparently we had reached a great height in the<br> atmosphere, for the sky was a dead black,                <\/p>\r\n            <\/div>\r\n            \t\t<\/div>\n\t\t\t\t<\/div>\n\t\t\t\t<div class=\"elementor-element elementor-element-3263bd4 box_holder elementor-align-left elementor-widget elementor-widget-tw-icon-box\" data-id=\"3263bd4\" data-element_type=\"widget\" data-widget_type=\"tw-icon-box.default\">\n\t\t\t\t<div class=\"elementor-widget-container\">\n\t\t\t            <div class=\"icon_box_02\">\r\n                <div class=\"ibImg\">\r\n                    <i class=\"icon-seo\"><\/i>                <\/div>\r\n                <h3>                    Completly 100% Fresh                <\/h3>\r\n                <p>\r\n                    Apparently we had reached a great height in the<br> atmosphere, for the sky was a dead black,                <\/p>\r\n            <\/div>\r\n            \t\t<\/div>\n\t\t\t\t<\/div>\n\t\t\t\t<div class=\"elementor-element elementor-element-e55e1cf box_holder elementor-align-left elementor-widget elementor-widget-tw-icon-box\" data-id=\"e55e1cf\" data-element_type=\"widget\" data-widget_type=\"tw-icon-box.default\">\n\t\t\t\t<div class=\"elementor-widget-container\">\n\t\t\t            <div class=\"icon_box_02\">\r\n                <div class=\"ibImg\">\r\n                    <i class=\"icon-users\"><\/i>                <\/div>\r\n                <h3>                    Skip or Cancel Anytime                <\/h3>\r\n                <p>\r\n                    Apparently we had reached a great height in the<br> atmosphere, for the sky was a dead black,                <\/p>\r\n            <\/div>\r\n            \t\t<\/div>\n\t\t\t\t<\/div>\n\t\t\t\t\t<\/div>\n\t\t<\/div>\n\t\t\t\t\t<\/div>\n\t\t<\/section>\n\t\t\t\t<section class=\"elementor-section elementor-top-section elementor-element elementor-element-95f8f8a elementor-section-boxed elementor-section-height-default elementor-section-height-default\" data-id=\"95f8f8a\" data-element_type=\"section\" data-settings=\"{&quot;background_background&quot;:&quot;classic&quot;}\">\n\t\t\t\t\t\t<div class=\"elementor-container elementor-column-gap-extended\">\n\t\t\t\t\t<div class=\"elementor-column elementor-col-100 elementor-top-column elementor-element elementor-element-1c45838\" data-id=\"1c45838\" data-element_type=\"column\">\n\t\t\t<div class=\"elementor-widget-wrap elementor-element-populated\">\n\t\t\t\t\t\t<div class=\"elementor-element elementor-element-4a71c17 orga_t_align elementor-align-center elementor-widget elementor-widget-tw-sec-title\" data-id=\"4a71c17\" data-element_type=\"widget\" data-widget_type=\"tw-sec-title.default\">\n\t\t\t\t<div class=\"elementor-widget-container\">\n\t\t\t                    <div class=\"subTitle sbsm\">Nature Only<\/div>\r\n                            <h2 class=\"secTitle\">Awesome Team Member<\/h2>\r\n        \t\t<\/div>\n\t\t\t\t<\/div>\n\t\t\t\t<div class=\"elementor-element elementor-element-dd1408c elementor-widget elementor-widget-tw-team\" data-id=\"dd1408c\" data-element_type=\"widget\" data-widget_type=\"tw-team.default\">\n\t\t\t\t<div class=\"elementor-widget-container\">\n\t\t\t<div class=\"row team_grid_row\">            <div class=\"col-lg-3 col-md-6\">\r\n                <div class=\"teamItem03 text-center\">\r\n                    <img decoding=\"async\" src=\"https:\/\/vherbs.vn\/wp-content\/uploads\/2021\/11\/2-2-307x307.jpg\" alt=\"Sherri Horton\">\r\n                    <div class=\"tmContent\">\r\n                        <h5><a href=\"https:\/\/vherbs.vn\/en\/teams\/sherri-horton\/\">Sherri Horton<\/a><\/h5>\r\n                                                    <p>Farmer<\/p>\r\n                                            <\/div>\r\n                <\/div>\r\n            <\/div>\r\n                        <div class=\"col-lg-3 col-md-6\">\r\n                <div class=\"teamItem03 text-center\">\r\n                    <img decoding=\"async\" src=\"https:\/\/vherbs.vn\/wp-content\/uploads\/2021\/11\/8-307x307.jpg\" alt=\"Berniy Smith\">\r\n                    <div class=\"tmContent\">\r\n                        <h5><a href=\"https:\/\/vherbs.vn\/en\/teams\/berniy-smith\/\">Berniy Smith<\/a><\/h5>\r\n                                                    <p>Farmer<\/p>\r\n                                            <\/div>\r\n                <\/div>\r\n            <\/div>\r\n                        <div class=\"col-lg-3 col-md-6\">\r\n                <div class=\"teamItem03 text-center\">\r\n                    <img decoding=\"async\" src=\"https:\/\/vherbs.vn\/wp-content\/uploads\/2021\/11\/9-307x307.jpg\" alt=\"Lisa Alisa\">\r\n                    <div class=\"tmContent\">\r\n                        <h5><a href=\"https:\/\/vherbs.vn\/en\/teams\/lisa-alisa\/\">Lisa Alisa<\/a><\/h5>\r\n                                                    <p>Farmer<\/p>\r\n                                            <\/div>\r\n                <\/div>\r\n            <\/div>\r\n                        <div class=\"col-lg-3 col-md-6\">\r\n                <div class=\"teamItem03 text-center\">\r\n                    <img decoding=\"async\" src=\"https:\/\/vherbs.vn\/wp-content\/uploads\/2021\/11\/7-307x307.jpg\" alt=\"Nora Bell\">\r\n                    <div class=\"tmContent\">\r\n                        <h5><a href=\"https:\/\/vherbs.vn\/en\/teams\/nora-bell\/\">Nora Bell<\/a><\/h5>\r\n                                                    <p>Customer Care<\/p>\r\n                                            <\/div>\r\n                <\/div>\r\n            <\/div>\r\n            <\/div>\t\t<\/div>\n\t\t\t\t<\/div>\n\t\t\t\t\t<\/div>\n\t\t<\/div>\n\t\t\t\t\t<\/div>\n\t\t<\/section>\n\t\t\t\t<\/div>\n\t\t","protected":false},"excerpt":{"rendered":"<p>V\u1ec1 ch\u00fang t\u00f4i Viet Herbs Corp Vherbs l\u00e0 nh\u00e3n h\u00e0ng thu\u1ed9c quy\u1ec1n s\u1edf h\u1eefu c\u00f4ng ty c\u1ed5 ph\u1ea7n Vi\u1ec7t Herbs. Ra \u0111\u1eddi t\u1eeb s\u1ef1 \u1ea5p \u1ee7 nhi\u1ec1u n\u0103m qua c\u1ee7a \u00f4ng Tr\u1ea7n Tr\u1ecdng L\u00e2m . \u00d4ng mong mu\u1ed1n g\u1ea7y d\u1ef1ng l\u1ea1i ngh\u1ec1 l\u00e0m thu\u1ed1c truy\u1ec1n th\u1ed1ng c\u1ee7a gia \u0111\u00ecnh t\u1eeb h\u00e0ng tr\u0103m n\u0103m tr\u01b0\u1edbc t\u1ea1i [&hellip;]<\/p>\n","protected":false},"author":1,"featured_media":0,"parent":0,"menu_order":0,"comment_status":"closed","ping_status":"closed","template":"","meta":{"footnotes":""},"class_list":["post-4433","page","type-page","status-publish","hentry"],"_links":{"self":[{"href":"https:\/\/vherbs.vn\/en\/wp-json\/wp\/v2\/pages\/4433","targetHints":{"allow":["GET"]}}],"collection":[{"href":"https:\/\/vherbs.vn\/en\/wp-json\/wp\/v2\/pages"}],"about":[{"href":"https:\/\/vherbs.vn\/en\/wp-json\/wp\/v2\/types\/page"}],"author":[{"embeddable":true,"href":"https:\/\/vherbs.vn\/en\/wp-json\/wp\/v2\/users\/1"}],"replies":[{"embeddable":true,"href":"https:\/\/vherbs.vn\/en\/wp-json\/wp\/v2\/comments?post=4433"}],"version-history":[{"count":5,"href":"https:\/\/vherbs.vn\/en\/wp-json\/wp\/v2\/pages\/4433\/revisions"}],"predecessor-version":[{"id":4745,"href":"https:\/\/vherbs.vn\/en\/wp-json\/wp\/v2\/pages\/4433\/revisions\/4745"}],"wp:attachment":[{"href":"https:\/\/vherbs.vn\/en\/wp-json\/wp\/v2\/media?parent=4433"}],"curies":[{"name":"wp","href":"https:\/\/api.w.org\/{rel}","templated":true}]}}