{"id":4446,"date":"2023-01-08T05:13:06","date_gmt":"2023-01-08T05:13:06","guid":{"rendered":"https:\/\/vherbs.vn\/?page_id=4446"},"modified":"2023-01-08T05:14:26","modified_gmt":"2023-01-08T05:14:26","slug":"contact-us","status":"publish","type":"page","link":"https:\/\/vherbs.vn\/en\/contact-us\/","title":{"rendered":"Contact us"},"content":{"rendered":"\t\t<div data-elementor-type=\"wp-page\" data-elementor-id=\"4446\" class=\"elementor elementor-4446\">\n\t\t\t\t\t\t<section class=\"elementor-section elementor-top-section elementor-element elementor-element-cba1b31 elementor-section-full_width elementor-section-height-default elementor-section-height-default\" data-id=\"cba1b31\" data-element_type=\"section\">\n\t\t\t\t\t\t<div class=\"elementor-container elementor-column-gap-no\">\n\t\t\t\t\t<div class=\"elementor-column elementor-col-100 elementor-top-column elementor-element elementor-element-d51b4e5\" data-id=\"d51b4e5\" data-element_type=\"column\">\n\t\t\t<div class=\"elementor-widget-wrap elementor-element-populated\">\n\t\t\t\t\t\t<div class=\"elementor-element elementor-element-7e14de2 elementor-widget elementor-widget-tw-google-map\" data-id=\"7e14de2\" data-element_type=\"widget\" data-widget_type=\"tw-google-map.default\">\n\t\t\t\t<div class=\"elementor-widget-container\">\n\t\t\t<div data-map-style=\"2\" \r\n                 data-marker=\"https:\/\/vherbs.vn\/wp-content\/uploads\/2021\/11\/marker.png\" \r\n                 data-coordinates=\"[{&quot;lati&quot;:&quot;-37.815340&quot;,&quot;long&quot;:&quot;144.963230&quot;,&quot;_id&quot;:&quot;7bfda39&quot;}]\" \r\n                 data-zoom=\"10\" \r\n                 class=\"google_map\" \r\n                 id=\"gmap_69d854b163c64\">\r\n            <\/div>\t\t<\/div>\n\t\t\t\t<\/div>\n\t\t\t\t\t<\/div>\n\t\t<\/div>\n\t\t\t\t\t<\/div>\n\t\t<\/section>\n\t\t\t\t<section class=\"elementor-section elementor-top-section elementor-element elementor-element-5b3b3a3 elementor-section-full_width elementor-section-height-default elementor-section-height-default\" data-id=\"5b3b3a3\" data-element_type=\"section\">\n\t\t\t\t\t\t<div class=\"elementor-container elementor-column-gap-no\">\n\t\t\t\t\t<div class=\"elementor-column elementor-col-100 elementor-top-column elementor-element elementor-element-442965d\" data-id=\"442965d\" data-element_type=\"column\">\n\t\t\t<div class=\"elementor-widget-wrap elementor-element-populated\">\n\t\t\t\t\t\t<section class=\"elementor-section elementor-inner-section elementor-element elementor-element-8443f95 elementor-section-boxed elementor-section-height-default elementor-section-height-default\" data-id=\"8443f95\" data-element_type=\"section\">\n\t\t\t\t\t\t<div class=\"elementor-container elementor-column-gap-extended\">\n\t\t\t\t\t<div class=\"elementor-column elementor-col-50 elementor-inner-column elementor-element elementor-element-26ed931\" data-id=\"26ed931\" data-element_type=\"column\">\n\t\t\t<div class=\"elementor-widget-wrap elementor-element-populated\">\n\t\t\t\t\t\t<div class=\"elementor-element elementor-element-014e44e org_heading elementor-align-left elementor-widget elementor-widget-tw-heading\" data-id=\"014e44e\" data-element_type=\"widget\" data-widget_type=\"tw-heading.default\">\n\t\t\t\t<div class=\"elementor-widget-container\">\n\t\t\t            <h2 class=\"org_heading\">Th\u00f4ng tin li\u00ean h\u1ec7<\/h2>\r\n        \t\t<\/div>\n\t\t\t\t<\/div>\n\t\t\t\t<div class=\"elementor-element elementor-element-afc7a8c pr_paragraphs elementor-align-left elementor-widget elementor-widget-tw-text\" data-id=\"afc7a8c\" data-element_type=\"widget\" data-widget_type=\"tw-text.default\">\n\t\t\t\t<div class=\"elementor-widget-container\">\n\t\t\t<p class=\"orga_paragraph \">N\u1ebfu qu\u00fd kh\u00e1ch c\u00f3 b\u1ea5t k\u1ef3 th\u1eafc m\u1eafc, hay c\u1ea7n s\u1ef1 h\u1ed7 tr\u1ee3 n\u00e0o v\u1ec1 s\u1ea3n ph\u1ea9m, ch\u00ednh s\u00e1ch b\u00e1n h\u00e0ng, giao nh\u1eadn.. Vui l\u00f2ng li\u00ean h\u1ec7 theo th\u00f4ng tin b\u00ean d\u01b0\u1edbi:<\/p>\t\t<\/div>\n\t\t\t\t<\/div>\n\t\t\t\t<div class=\"elementor-element elementor-element-0f53dfa box_holder elementor-align-left elementor-widget elementor-widget-tw-icon-box\" data-id=\"0f53dfa\" data-element_type=\"widget\" data-widget_type=\"tw-icon-box.default\">\n\t\t\t\t<div class=\"elementor-widget-container\">\n\t\t\t            <div class=\"icon_box_06\">\r\n                <div class=\"ibImg\">\r\n                    <i class=\"twi-envelope\"><\/i>                <\/div>\r\n                <h3><a href=\"mailto:info@vherbs.vn\"  target=\"_blank\"  rel=\"nofollow\">                    info@vherbs.vn<\/a>                <\/h3>\r\n                <p>\r\n                                    <\/p>\r\n            <\/div>\r\n            \t\t<\/div>\n\t\t\t\t<\/div>\n\t\t\t\t<div class=\"elementor-element elementor-element-d7aa2ab box_holder elementor-align-left elementor-widget elementor-widget-tw-icon-box\" data-id=\"d7aa2ab\" data-element_type=\"widget\" data-widget_type=\"tw-icon-box.default\">\n\t\t\t\t<div class=\"elementor-widget-container\">\n\t\t\t            <div class=\"icon_box_06\">\r\n                <div class=\"ibImg\">\r\n                    <i class=\"twi-phone\"><\/i>                <\/div>\r\n                <h3><a href=\"tel:8800567.890.11\"  target=\"_blank\"  rel=\"nofollow\">                    (+84 28) 66 839 871 - Central Office<\/a>                <\/h3>\r\n                <p>\r\n                                    <\/p>\r\n            <\/div>\r\n            \t\t<\/div>\n\t\t\t\t<\/div>\n\t\t\t\t<div class=\"elementor-element elementor-element-a3691f0 box_holder elementor-align-left elementor-widget elementor-widget-tw-icon-box\" data-id=\"a3691f0\" data-element_type=\"widget\" data-widget_type=\"tw-icon-box.default\">\n\t\t\t\t<div class=\"elementor-widget-container\">\n\t\t\t            <div class=\"icon_box_06\">\r\n                <div class=\"ibImg\">\r\n                    <i class=\"twi-map-marker-alt\"><\/i>                <\/div>\r\n                <h3><a href=\"https:\/\/www.google.com\/maps\" target=\"_blank\" rel=\"nofollow noopener\">                    554\/4 Nguy\u1ec5n Ki\u1ec7m, P.4, Ph\u00fa Nhu\u1eadn, HCM<\/a>                <\/h3>\r\n                <p>\r\n                                    <\/p>\r\n            <\/div>\r\n            \t\t<\/div>\n\t\t\t\t<\/div>\n\t\t\t\t<div class=\"elementor-element elementor-element-84506cf info_align elementor-align-left elementor-widget elementor-widget-tw-social\" data-id=\"84506cf\" data-element_type=\"widget\" data-widget_type=\"tw-social.default\">\n\t\t\t\t<div class=\"elementor-widget-container\">\n\t\t\t        <div class=\"conSocial\">\r\n                            <a href=\"https:\/\/www.google.com\/\" target=\"_blank\" rel=\"noopener\"><i class=\"twi-facebook-f\"><\/i><\/a>\r\n                                        <a href=\"https:\/\/www.google.com\/\" target=\"_blank\" rel=\"noopener\"><i class=\"twi-instagram\"><\/i><\/a>\r\n                                        <a href=\"https:\/\/www.google.com\/\" target=\"_blank\" rel=\"noopener\"><i class=\"twi-linkedin-in\"><\/i><\/a>\r\n                                                                                            <\/div>\r\n        \t\t<\/div>\n\t\t\t\t<\/div>\n\t\t\t\t\t<\/div>\n\t\t<\/div>\n\t\t\t\t<div class=\"elementor-column elementor-col-50 elementor-inner-column elementor-element elementor-element-4df9df6\" data-id=\"4df9df6\" data-element_type=\"column\">\n\t\t\t<div class=\"elementor-widget-wrap elementor-element-populated\">\n\t\t\t\t\t\t<div class=\"elementor-element elementor-element-afd9e49 contact_align elementor-align-left elementor-widget elementor-widget-tw-contact-form\" data-id=\"afd9e49\" data-element_type=\"widget\" data-widget_type=\"tw-contact-form.default\">\n\t\t\t\t<div class=\"elementor-widget-container\">\n\t\t\t<div class=\"contact_form\">                                    <h2>Ho\u1eb7c \u0111i\u1ec1n v\u00e0o m\u1eabu li\u00ean h\u1ec7 sau<\/h2>\n<div class=\"wpcf7 no-js\" id=\"wpcf7-f4455-o1\" lang=\"en-US\" dir=\"ltr\" data-wpcf7-id=\"4455\">\n<div class=\"screen-reader-response\"><p role=\"status\" aria-live=\"polite\" aria-atomic=\"true\"><\/p> <ul><\/ul><\/div>\n<form action=\"\/en\/wp-json\/wp\/v2\/pages\/4446#wpcf7-f4455-o1\" method=\"post\" class=\"wpcf7-form init\" aria-label=\"Contact form\" novalidate=\"novalidate\" data-status=\"init\">\n<fieldset class=\"hidden-fields-container\"><input type=\"hidden\" name=\"_wpcf7\" value=\"4455\" \/><input type=\"hidden\" name=\"_wpcf7_version\" value=\"6.1.5\" \/><input type=\"hidden\" name=\"_wpcf7_locale\" value=\"en_US\" \/><input type=\"hidden\" name=\"_wpcf7_unit_tag\" value=\"wpcf7-f4455-o1\" \/><input type=\"hidden\" name=\"_wpcf7_container_post\" value=\"0\" \/><input type=\"hidden\" name=\"_wpcf7_posted_data_hash\" value=\"\" \/>\n<\/fieldset>\n<div class=\"row\">\n\t<div class=\"col-md-6\">\n\t\t<p><span class=\"wpcf7-form-control-wrap\" data-name=\"text-114\"><input size=\"40\" maxlength=\"400\" class=\"wpcf7-form-control wpcf7-text wpcf7-validates-as-required\" aria-required=\"true\" aria-invalid=\"false\" placeholder=\"Full Name *\" value=\"\" type=\"text\" name=\"text-114\" \/><\/span>\n\t\t<\/p>\n\t<\/div>\n\t<div class=\"col-md-6\">\n\t\t<p><span class=\"wpcf7-form-control-wrap\" data-name=\"email-604\"><input size=\"40\" maxlength=\"400\" class=\"wpcf7-form-control wpcf7-email wpcf7-validates-as-required wpcf7-text wpcf7-validates-as-email\" aria-required=\"true\" aria-invalid=\"false\" placeholder=\"Email Address *\" value=\"\" type=\"email\" name=\"email-604\" \/><\/span>\n\t\t<\/p>\n\t<\/div>\n\t<div class=\"col-md-12\">\n\t\t<p><span class=\"wpcf7-form-control-wrap\" data-name=\"text-115\"><input size=\"40\" maxlength=\"400\" class=\"wpcf7-form-control wpcf7-text\" aria-invalid=\"false\" placeholder=\"Subject\" value=\"\" type=\"text\" name=\"text-115\" \/><\/span>\n\t\t<\/p>\n\t<\/div>\n\t<div class=\"col-md-12\">\n\t\t<p><span class=\"wpcf7-form-control-wrap\" data-name=\"textarea-416\"><textarea cols=\"40\" rows=\"10\" maxlength=\"2000\" class=\"wpcf7-form-control wpcf7-textarea wpcf7-validates-as-required\" aria-required=\"true\" aria-invalid=\"false\" placeholder=\"Your Message here\" name=\"textarea-416\"><\/textarea><\/span>\n\t\t<\/p>\n\t<\/div>\n\t<div class=\"col-md-12\">\n\t\t<p><button type=\"submit\" class=\"organ_btn\">Get In Touch<i class=\"twi-arrow-right1\"><\/i><\/button>\n\t\t<\/p>\n\t<\/div>\n<\/div><div class=\"wpcf7-response-output\" aria-hidden=\"true\"><\/div>\n<\/form>\n<\/div>\n<\/div>\t\t<\/div>\n\t\t\t\t<\/div>\n\t\t\t\t\t<\/div>\n\t\t<\/div>\n\t\t\t\t\t<\/div>\n\t\t<\/section>\n\t\t\t\t\t<\/div>\n\t\t<\/div>\n\t\t\t\t\t<\/div>\n\t\t<\/section>\n\t\t\t\t<\/div>\n\t\t","protected":false},"excerpt":{"rendered":"<p>Google Map API not set yet. Please insert it under Appearance -&gt; Customize -&gt; Theme Options -&gt; General Settings. Th\u00f4ng tin li\u00ean h\u1ec7 N\u1ebfu qu\u00fd kh\u00e1ch c\u00f3 b\u1ea5t k\u1ef3 th\u1eafc m\u1eafc, hay c\u1ea7n s\u1ef1 h\u1ed7 tr\u1ee3 n\u00e0o v\u1ec1 s\u1ea3n ph\u1ea9m, ch\u00ednh s\u00e1ch b\u00e1n h\u00e0ng, giao nh\u1eadn.. Vui l\u00f2ng li\u00ean h\u1ec7 theo th\u00f4ng tin b\u00ean d\u01b0\u1edbi: [&hellip;]<\/p>\n","protected":false},"author":1,"featured_media":0,"parent":0,"menu_order":0,"comment_status":"closed","ping_status":"closed","template":"","meta":{"footnotes":""},"class_list":["post-4446","page","type-page","status-publish","hentry"],"_links":{"self":[{"href":"https:\/\/vherbs.vn\/en\/wp-json\/wp\/v2\/pages\/4446","targetHints":{"allow":["GET"]}}],"collection":[{"href":"https:\/\/vherbs.vn\/en\/wp-json\/wp\/v2\/pages"}],"about":[{"href":"https:\/\/vherbs.vn\/en\/wp-json\/wp\/v2\/types\/page"}],"author":[{"embeddable":true,"href":"https:\/\/vherbs.vn\/en\/wp-json\/wp\/v2\/users\/1"}],"replies":[{"embeddable":true,"href":"https:\/\/vherbs.vn\/en\/wp-json\/wp\/v2\/comments?post=4446"}],"version-history":[{"count":2,"href":"https:\/\/vherbs.vn\/en\/wp-json\/wp\/v2\/pages\/4446\/revisions"}],"predecessor-version":[{"id":4448,"href":"https:\/\/vherbs.vn\/en\/wp-json\/wp\/v2\/pages\/4446\/revisions\/4448"}],"wp:attachment":[{"href":"https:\/\/vherbs.vn\/en\/wp-json\/wp\/v2\/media?parent=4446"}],"curies":[{"name":"wp","href":"https:\/\/api.w.org\/{rel}","templated":true}]}}