{"id":1621,"date":"2023-03-01T07:26:54","date_gmt":"2023-03-01T07:26:54","guid":{"rendered":"https:\/\/vherbs.vn\/?post_type=product&#038;p=1621"},"modified":"2025-12-02T14:24:28","modified_gmt":"2025-12-02T14:24:28","slug":"tra-tui-loc-hibiscus","status":"publish","type":"product","link":"https:\/\/vherbs.vn\/en\/san-pham\/tra-tui-loc-hibiscus\/","title":{"rendered":"Tr\u00e0 t\u00fai l\u1ecdc hibiscus"},"content":{"rendered":"<p><strong>T<\/strong><strong>R\u00c0 HIBISCUS V\u00d4 TH\u01af\u1edcNG : T\u1ed0T CHO H\u1ec6 TIM M\u1ea0CH, GI\u00daP GI\u1ea2M C\u00c2N<\/strong><\/p>\n<ul>\n<li><strong>Th\u00e0nh ph\u1ea7n<\/strong>: \u0110\u00e0i hoa Hibiscus ( V\u00f4 th\u01b0\u1eddng) 85%, n\u1ee5 T\u1ea7m xu\u00e2n<\/li>\n<li><strong>C\u00f4ng d\u1ee5ng<\/strong>: H\u1ea1n ch\u1ebf h\u1ea5p thu \u0111\u01b0\u1eddng v\u00e0 tinh b\u1ed9t nh\u1edd \u0111\u00f3 g\u00f3p ph\u1ea7n gi\u1ea3m c\u00e2n. Gi\u1ea3m cholesterol trong m\u00e1u, h\u1ed7 tr\u1ee3 ng\u1eeba s\u01a1 v\u1eefa \u0111\u1ed9ng m\u1ea1ch. Kh\u00e1ng vi\u00eam, kh\u00e1ng khu\u1ea9n gi\u00fap c\u01a1 th\u1ec3 t\u0103ng s\u1ee9c \u0111\u1ec1 kh\u00e1ng.<\/li>\n<li><strong>H\u01b0\u1edbng d\u1eabn s\u1eed d\u1ee5ng<\/strong>: Ng\u00e0y u\u1ed1ng 2 l\u1ea7n, m\u1ed7i l\u1ea7n 1 t\u00fai.<\/li>\n<\/ul>\n<p><strong>U\u1ed1ng n\u00f3ng<\/strong>: Ng\u00e2m t\u00fai Tr\u00e0 v\u00e0o 200 ml n\u01b0\u1edbc s\u00f4i, \u0111\u1eady n\u1eafp t\u00e1ch tr\u00e0, ch\u1edd 3 ph\u00fat l\u00e0 d\u00f9ng \u0111\u01b0\u1ee3c. Tr\u00e0 c\u00f3 v\u1ecb chua, th\u00eam ch\u00fat \u0111\u01b0\u1eddng ho\u1eb7c m\u1eadt ong s\u1ebd ngon h\u01a1n.<\/p>\n<p><strong>U\u1ed1ng l\u1ea1nh<\/strong>: Ng\u00e2m t\u00fai Tr\u00e0 v\u00e0o 120 ml n\u01b0\u1edbc s\u00f4i, \u0111\u1eady n\u1eafp t\u00e1ch tr\u00e0, sau 3-5 ph\u00fat, ch\u1edd tr\u00e0 ngu\u1ed9i b\u1edbt th\u00eam m\u1eadt ong\/\u0111\u01b0\u1eddng, d\u00f9ng l\u1ea1nh v\u1edbi \u0111\u00e1 vi\u00ean. C\u00f3 th\u1ec3 pha nguy\u00ean b\u00ecnh \u0111\u1ec3 t\u1ee7 l\u1ea1nh d\u00f9ng trong ng\u00e0y thay n\u01b0\u1edbc gi\u1ea3i kh\u00e1t<\/p>\n<p><strong>Pha cocktail<\/strong>: 100 ml tr\u00e0 hibiscus (1 t\u00fai tr\u00e0) + 20 ml r\u01b0\u1ee3u voka+ 20ml siro \u0111\u01b0\u1eddng, L\u00e1 b\u1ea1c h\u00e0 v\u00f2 gi\u1eadp+\u0111\u00e1 vi\u00ean\u00a0 t\u1ea5t c\u1ea3 cho v\u00e0o b\u00ecnh l\u1eafc \u0111\u1ec1u. R\u00f3t ra ly, trang tr\u00ed nh\u00e1nh b\u1ea1c h\u00e0<\/p>\n<ul>\n<li><strong>V\u1ecb <\/strong>: chua ( h\u1ed9p m\u00e0u \u0111\u1ecf)<\/li>\n<\/ul>\n<p>\u0110\u1ecdc th\u00eam<\/p>\n<p><strong>B\u1ee5p gi\u1ea5m <\/strong>\u00a0t\u00ean d\u00e2n gian l\u00e0 V\u00f4 Th\u01b0\u1eddng, T\u00ean khoa h\u1ecdc Hibiscus Sadariffa, ngu\u1ed3n g\u1ed1c t\u1eeb Ch\u00e2u Phi. Ph\u1ea7n s\u1eed d\u1ee5ng l\u00e0m tr\u00e0 l\u00e0 \u0111\u00e0i hoa m\u00e0u \u0111\u1ecf, v\u00ec v\u1eady n\u01b0\u1edbc tr\u00e0 c\u00f3 m\u00e0u \u0111\u1ecf r\u1ea5t \u0111\u1eb7t tr\u01b0ng<\/p>\n<p>Hibiscus \u0111\u00e3 n\u1ed5i ti\u1ebfng t\u1ea1i Ai C\u1eadp t\u1eeb c\u1ed5 \u0111\u1ea1i, l\u00e0 lo\u1ea1i d\u01b0\u1ee3c li\u1ec7u \u0111\u01b0\u1ee3c tuy\u1ec3n ch\u1ecdn d\u00e0nh cho Faraoh. Tr\u1ea3i qua h\u00e0ng ng\u00e0n n\u0103m l\u1ecbch s\u1eed, Hibiscus \u0111\u00e3 \u0111\u01b0\u1ee3c ph\u1ed5 bi\u1ebfn v\u00e0 \u01b0a chu\u1ed9ng t\u1ea1i nhi\u1ec1u qu\u1ed1c gia tr\u00ean th\u1ebf gi\u1edbi \u0111\u1eb7c bi\u1ec7t t\u1ea1i M\u1ef9, v\u00f9ng Caribean v\u00e0 ch\u00e2u \u00c2u. Ng\u00e0y nay Hibiscus tr\u1edf th\u00e0nh th\u1ee9c u\u1ed1ng truy\u1ec1n th\u1ed1ng trong nh\u1eefng ng\u00e0y l\u1ec5 tr\u1ecdng \u0111\u1ea1i t\u1ea1i m\u1ed9t s\u1ed1 qu\u1ed1c gia b\u1edfi ni\u1ec1m tin s\u1eafc \u0111\u1ecf s\u1ebd \u0111em l\u1ea1i s\u1ef1 may m\u1eafn. T\u1ea1i Ai C\u1eadp tr\u00e0 Hibiscus \u0111\u01b0\u1ee3c u\u1ed1ng trong ng\u00e0y l\u1ec5 th\u00e0nh h\u00f4n. V\u00f9ng Caribean, tr\u00e0 Hibiscus \u0111\u01b0\u1ee3c d\u00f9ng l\u00e0m th\u1ee9c u\u1ed1ng trong ng\u00e0y l\u1ec5 Gi\u00e1ng sinh v\u00e0 ch\u00e0o \u0111\u00f3n n\u0103m m\u1edbi.<\/p>\n<p>Tr\u00e0 th\u1ea3o d\u01b0\u1ee3c Hibiscus V\u00f4 th\u01b0\u1eddng Vherbs \u0111\u01b0\u1ee3c ch\u1ebf bi\u1ebfn t\u1eeb ngu\u1ed3n nguy\u00ean li\u1ec7u tr\u1ed3ng t\u1ea1i v\u00f9ng kh\u00ed h\u1eadu th\u1ed5 nh\u01b0\u1ee1ng v\u00f9ng c\u00e1t n\u1eafng n\u00f3ng Mi\u1ec1n Trung Nam b\u1ed9 c\u00f3 truy su\u1ea5t ngu\u1ed3n g\u1ed1c r\u00f5 r\u00e0ng , \u0111\u1ea1t ti\u00eau chu\u1ea9n VietGAP, gi\u00e0u anthocyanin so v\u1edbi nh\u1eefng lo\u1ea1i nguy\u00ean i\u1ec7u tr\u1ed3ng v\u00f9ng kh\u00e1c<\/p>\n<p>K\u1ebft qu\u1ea3 ph\u00e2n t\u00edch h\u00f3a h\u1ecdc cho th\u1ea5y \u0111\u00e0i hoa B\u1ee5p gi\u1ea5m gi\u00e0u anthocyanin, flavonoid, acid protocatechuic, acid ascorbic, phenolic, pectin, ch\u1ea5t nh\u1ea7y. Kh\u00e1 nhi\u1ec1u acid h\u1eefu c\u01a1, \u0111\u1eb7c bi\u1ec7t l\u00e0 vitamin C, t\u1ea1o n\u00ean v\u1ecb chua \u0111\u1eb7c tr\u01b0ng c\u1ee7a th\u1ea3o d\u01b0\u1ee3c. Daphnophyline v\u00e0 c\u00e1c anthocyan l\u00e0 s\u1eafc t\u1ed1 ch\u00ednh. Ngo\u00e0i ra, c\u00f2n c\u00f3 c\u00e1c ho\u1ea1t ch\u1ea5t quan tr\u1ecdng kh\u00e1c l\u00e0: hibiscetine, sabdaretine, alkaloid, \u03b2-sitosterol, acid citric, acid stearic, cyanidin-3-rutinose, delphinidin, galactose, pectin, quercetin, acid stearic, protein, kho\u00e1ng ch\u1ea5t (s\u1eaft, ph\u1ed1t pho, canxi, magi\u00ea, mangan, nh\u00f4m, natri, kali\u2026).<\/p>\n<p>C\u00e1c h\u1ee3p ch\u1ea5t phenolic, flavonoid, acid ascorbic\u2026 c\u00f3 t\u00e1c d\u1ee5ng ch\u1ed1ng oxy h\u00f3a kh\u00e1 m\u1ea1nh, \u0111\u00e2y l\u00e0 l\u00fd do B\u1ee5p gi\u1ea5m c\u00f3 kh\u1ea3 n\u0103ng h\u1ea1 huy\u1ebft \u00e1p, \u0111i\u1ec1u h\u00f2a lipid m\u00e1u, ph\u00f2ng ng\u1eeba x\u01a1 v\u1eefa m\u1ea1ch m\u00e1u, b\u1ea3o v\u1ec7 gan, h\u1ea1 \u0111\u01b0\u1eddng huy\u1ebft, b\u1ea3o v\u1ec7 th\u1ea7n kinh, gi\u1ea3m n\u1ed3ng \u0111\u1ed9 creatinin, gi\u1ea3m acid uric. C\u00e1c flavonoid \u0111\u1eb7c th\u00f9 c\u1ee7a B\u1ee5p gi\u1ea5m l\u00e0 gossypetin, hibiscine c\u00f3 ho\u1ea1t t\u00ednh kh\u00e1ng khu\u1ea9n m\u1ea1nh, ph\u00f9 h\u1ee3p v\u1edbi t\u00e1c d\u1ee5ng thanh nhi\u1ec7t gi\u1ea3i \u0111\u1ed9c, gi\u1ea3m ho, h\u1ea1 s\u1ed1t c\u1ee7a kinh nghi\u1ec7m d\u00e2n gian. G\u1ea7n \u0111\u00e2y, gossypetin c\u0169ng \u0111\u01b0\u1ee3c ch\u1ee9ng minh v\u1ec1 kh\u1ea3 n\u0103ng \u1ee9c ch\u1ebf th\u1ee5 th\u1ec3 tyosine kinase, b\u1ea3o v\u1ec7 ph\u00f3ng x\u1ea1, l\u00e0 \u1ee9ng vi\u00ean ti\u1ec1m n\u0103ng b\u1ea3o v\u1ec7 da trong ph\u00f2ng ch\u1ed1ng b\u1ee9c x\u1ea1 m\u00f4i tr\u01b0\u1eddng. N\u01b0\u1edbc h\u00e3m \u0111\u00e0i hoa B\u1ee5p gi\u1ea5m gi\u00e0u acid h\u1eefu c\u01a1, l\u00e0 ngu\u1ed3n cung c\u1ea5p vitamin C v\u00e0 c\u00e1c nguy\u00ean t\u1ed1 vi l\u01b0\u1ee3ng t\u1ef1 nhi\u00ean, \u0111\u00f3ng vai tr\u00f2 quan tr\u1ecdng trong h\u1ed7 tr\u1ee3 kh\u1ea3 n\u0103ng \u0111\u1ec1 kh\u00e1ng c\u1ee7a c\u01a1 th\u1ec3, c\u00f3 t\u00e1c d\u1ee5ng l\u1ee3i ti\u1ec3u, l\u1ee3i m\u1eadt, nhu\u1eadn tr\u00e0ng.<\/p>\n<p>M\u1ed9t nghi\u00ean c\u1ee9u ph\u00e2n t\u00edch t\u1ed5ng h\u1ee3p tr\u00ean 7 nh\u00f3m nghi\u00ean c\u1ee9u l\u00e2m s\u00e0ng (ng\u1eabu nhi\u00ean, c\u00f3 ki\u1ec3m so\u00e1t) c\u00f4ng b\u1ed1 tr\u00ean T\u1ea1p ch\u00ed T\u0103ng huy\u1ebft \u00e1p (2015) c\u00f3 k\u1ebft qu\u1ea3 nh\u01b0 sau: huy\u1ebft \u00e1p c\u1ee7a nh\u00f3m b\u1ed5 sung ch\u1ebf ph\u1ea9m c\u00f3 \u0111\u00e0i hoa B\u1ee5p gi\u1ea5m (225 ng\u01b0\u1eddi) gi\u1ea3m 7,5 v\u00e0 3,5 \u0111\u01a1n v\u1ecb huy\u1ebft \u00e1p (t\u00e2m tr\u01b0\u01a1ng, t\u00e2m thu). K\u1ebft qu\u1ea3 ph\u00e2n t\u00edch cho th\u1ea5y t\u00e1c d\u1ee5ng \u0111\u00e1ng k\u1ec3 c\u1ee7a \u0111\u00e0i hoa B\u1ee5p gi\u1ea5m trong h\u1ed7 tr\u1ee3 \u0111i\u1ec1u tr\u1ecb t\u0103ng huy\u1ebft \u00e1p.<\/p>\n<p><strong>Hoa T\u1ea7m xu\u00e2n<\/strong> (<em>Flos Rosae multiflorae, Flos <\/em><em>Rosae caninae<\/em>) l\u00e0 hoa c\u1ee7a c\u00e2y T\u1ea7m xu\u00e2n (D\u00e3 t\u01b0\u1eddng vi, Th\u1eadp t\u1ec9 mu\u1ed9i) c\u00f3 t\u00ean khoa h\u1ecdc\u00a0<em>Rosa multiflora\u00a0<\/em>Thunb., ho\u1eb7c <em>Rosa canina L.<\/em>, h\u1ecd Hoa h\u1ed3ng (Rosaceae). T\u00ean ti\u1ebfng Anh l\u00e0 dog rose, dog brier, brier rose. T\u00ean g\u1ecdi dog rose c\u00f3 l\u1ebd l\u00e0 do t\u1eeb \u201cdag rose\u201d trong ti\u1ebfng \u00dd (daga ~ dao g\u0103m) \u0111\u1ec3 m\u00f4 t\u1ea3 nh\u1eefng c\u00e1i gai m\u1eadp m\u1ea1p c\u1ee7a lo\u00e0i th\u1ef1c v\u1eadt leo n\u00e0y.<\/p>\n<p>Trong y h\u1ecdc c\u1ed5 truy\u1ec1n, hoa, qu\u1ea3, c\u00e0nh v\u00e0 r\u1ec5 c\u1ee7a c\u00e2y T\u1ea7m xu\u1ea5n \u0111\u1ec1u c\u00f3 t\u00e1c d\u1ee5ng l\u00e0m thu\u1ed1c. Hoa thu h\u00e1i v\u00e0o m\u00f9a xu\u00e2n v\u00e0 m\u00f9a h\u00e8, c\u00f3 v\u1ecb \u0111\u1eafng, h\u01a1i ch\u00e1t, t\u00ednh b\u00ecnh. Hoa T\u1ea7m xu\u00e2n c\u00f3 t\u00e1c d\u1ee5ng thanh nhi\u1ec7t gi\u1ea3i \u0111\u1ed9c, tr\u1eeb phong, ho\u1ea1t huy\u1ebft ch\u1ec9 huy\u1ebft&#8230; D\u00f9ng ri\u00eang ho\u1eb7c ph\u1ed1i h\u1ee3p trong c\u00e1c b\u00e0i thu\u1ed1c ch\u1eefa c\u00e1c c\u1ea3m n\u1eafng, c\u1ea3m n\u00f3ng m\u00f9a h\u1ea1, n\u00f4n ra m\u00e1u, ch\u1ea3y m\u00e1u cam\u2026<\/p>\n<p>C\u00e1c nghi\u00ean c\u1ee9u hi\u1ec7n \u0111\u1ea1i cho th\u1ea5y trong T\u1ea7m xu\u00e2n c\u00f3 c\u00e1c h\u1ee3p ch\u1ea5t phenolic, flavonoid, anthocyanin, acid ascorbic, quercetin), tinh d\u1ea7u, tanin, m\u1ed9t s\u1ed1 vitamin (B, C), caroten, nguy\u00ean t\u1ed1 vi l\u01b0\u1ee3ng (kali, ph\u1ed1t pho)\u2026 B\u00ean c\u1ea1nh t\u00e1c d\u1ee5ng ch\u1ee7 y\u1ebfu l\u00e0 ch\u1ed1ng oxy h\u00f3a, T\u1ea7m xu\u1ea5n c\u00f2n c\u00f3 t\u00e1c d\u1ee5ng kh\u00e1ng vi\u00eam, \u1ee9c ch\u1ebf nhi\u1ec1u lo\u1ea1i vi khu\u1ea9n g\u00e2y b\u1ec7nh gram \u00e2m v\u00e0 gram d\u01b0\u01a1ng, ph\u00f2ng ng\u1eeba c\u00e1c b\u1ec7nh thi\u1ebfu vitamin, t\u00ea ph\u00f9, lo\u00e3ng x\u01b0\u01a1ng.<\/p>\n<p>TR\u00c0 HIBISCUS V\u00d4 TH\u01af\u1edcNG c\u00f3 th\u00e0nh ph\u1ea7n t\u1eeb 2 lo\u00e0i hoa, B\u1ee5p gi\u1ea5m v\u00e0 n\u1ee5 hoa T\u1ea7m xu\u00e2n. S\u1ef1 ph\u1ed1i h\u1ee3p h\u00e0i h\u00f2a t\u1ea1o cho tr\u00e0 m\u1ed9t h\u01b0\u01a1ng v\u1ecb \u0111\u1eb7c tr\u01b0ng l\u00e0 v\u1ecb chua thanh, h\u01a1i ch\u00e1t, m\u00f9i h\u01b0\u01a1ng nh\u1eb9 nh\u00e0ng thanh khi\u1ebft, t\u00ednh m\u00e1t, ph\u00f9 h\u1ee3p v\u1edbi kh\u1ea9u v\u1ecb c\u1ee7a \u0111a s\u1ed1 ng\u01b0\u1eddi d\u00f9ng.<\/p>\n<p>&nbsp;<\/p>\n<p>&nbsp;<\/p>\n","protected":false},"excerpt":{"rendered":"<p>TR\u00c0 HIBISCUS V\u00d4 TH\u01af\u1edcNG c\u00f3 th\u00e0nh ph\u1ea7n t\u1eeb 2 lo\u00e0i hoa, B\u1ee5p gi\u1ea5m v\u00e0 n\u1ee5 hoa T\u1ea7m xu\u00e2n. S\u1ef1 ph\u1ed1i h\u1ee3p h\u00e0i h\u00f2a t\u1ea1o cho tr\u00e0 m\u1ed9t h\u01b0\u01a1ng v\u1ecb \u0111\u1eb7c tr\u01b0ng l\u00e0 v\u1ecb chua thanh, h\u01a1i ch\u00e1t, m\u00f9i h\u01b0\u01a1ng nh\u1eb9 nh\u00e0ng thanh khi\u1ebft, t\u00ednh m\u00e1t, ph\u00f9 h\u1ee3p v\u1edbi kh\u1ea9u v\u1ecb c\u1ee7a \u0111a s\u1ed1 ng\u01b0\u1eddi d\u00f9ng.<\/p>\n","protected":false},"featured_media":4535,"comment_status":"open","ping_status":"closed","template":"","meta":[],"product_brand":[],"product_cat":[39],"product_tag":[97],"class_list":{"0":"post-1621","1":"product","2":"type-product","3":"status-publish","4":"has-post-thumbnail","6":"product_cat-tra-thao-moc","7":"product_tag-slide-home","9":"first","10":"instock","11":"taxable","12":"shipping-taxable","13":"product-type-simple"},"_links":{"self":[{"href":"https:\/\/vherbs.vn\/en\/wp-json\/wp\/v2\/product\/1621","targetHints":{"allow":["GET"]}}],"collection":[{"href":"https:\/\/vherbs.vn\/en\/wp-json\/wp\/v2\/product"}],"about":[{"href":"https:\/\/vherbs.vn\/en\/wp-json\/wp\/v2\/types\/product"}],"replies":[{"embeddable":true,"href":"https:\/\/vherbs.vn\/en\/wp-json\/wp\/v2\/comments?post=1621"}],"wp:featuredmedia":[{"embeddable":true,"href":"https:\/\/vherbs.vn\/en\/wp-json\/wp\/v2\/media\/4535"}],"wp:attachment":[{"href":"https:\/\/vherbs.vn\/en\/wp-json\/wp\/v2\/media?parent=1621"}],"wp:term":[{"taxonomy":"product_brand","embeddable":true,"href":"https:\/\/vherbs.vn\/en\/wp-json\/wp\/v2\/product_brand?post=1621"},{"taxonomy":"product_cat","embeddable":true,"href":"https:\/\/vherbs.vn\/en\/wp-json\/wp\/v2\/product_cat?post=1621"},{"taxonomy":"product_tag","embeddable":true,"href":"https:\/\/vherbs.vn\/en\/wp-json\/wp\/v2\/product_tag?post=1621"}],"curies":[{"name":"wp","href":"https:\/\/api.w.org\/{rel}","templated":true}]}}