{"id":1628,"date":"2023-03-01T08:53:19","date_gmt":"2023-03-01T08:53:19","guid":{"rendered":"https:\/\/vherbs.vn\/product\/black-tea-copy-2\/"},"modified":"2025-12-02T14:23:42","modified_gmt":"2025-12-02T14:23:42","slug":"tra-tui-loc-gung","status":"publish","type":"product","link":"https:\/\/vherbs.vn\/en\/san-pham\/tra-tui-loc-gung\/","title":{"rendered":"Tr\u00e0 t\u00fai l\u1ecdc g\u1eebng"},"content":{"rendered":"<p><strong>TR\u00c0 G\u1eeaNG NH\u1eacT B\u1ea2N: GI\u1ea2I C\u1ea2M L\u1ea0NH,\u00a0 \u0110\u1ea6Y B\u1ee4NG KH\u00d3 TI\u00caU , TR\u1eca \u0110AU NH\u1ee8C X\u01af\u01a0NG KH\u1edaP<\/strong><\/p>\n<ul>\n<li><strong>Th\u00e0nh ph\u1ea7n<\/strong>: G\u1eebng ( Gi\u1ed1ng Nh\u1eadt) 90% , Tr\u00e0 xanh organic<\/li>\n<li><strong>C\u00f4ng d\u1ee5ng<\/strong>: Gi\u00fap gi\u1ea3i c\u1ea3m , k\u00edch th\u00edch ti\u00eau h\u00f3a h\u1ed7 tr\u1ee3 \u0111i\u1ec1u tr\u1ecb \u0103n kh\u00f4ng ti\u00eau, h\u1ed7 tr\u1ee3 \u0111i\u1ec1u tr\u1ecb ch\u1ee9ng \u0111au b\u1ee5ng do l\u1ea1nh, \u0111au \u0111\u1ea7u, tay ch\u00e2n l\u1ea1nh, t\u00ea m\u1ecfi<\/li>\n<li><strong>H\u01b0\u1edbng d\u1eabn s\u1eed d\u1ee5ng<\/strong> : Ng\u00e0y u\u1ed1ng 2 l\u1ea7n, m\u1ed7i l\u1ea7n 1 t\u00fai . Ng\u00e2m t\u00fai Tr\u00e0 v\u00e0o 200 ml n\u01b0\u1edbc s\u00f4i, \u0111\u1eady n\u1eafp t\u00e1ch tr\u00e0, ch\u1edd 3 ph\u00fat l\u00e0 d\u00f9ng \u0111\u01b0\u1ee3c. Th\u00eam ch\u00fat m\u1eadt ong v\u1ecb ngon h\u01a1n<\/li>\n<li><strong>V\u1ecb <\/strong>: cay ( h\u1ed9p m\u00e0u v\u00e0ng)<\/li>\n<\/ul>\n<p>\u0110\u1ecdc th\u00eam<\/p>\n<p>Tr\u00e0 g\u1eebng c\u1ee7a Vherbs \u0111\u01b0\u1ee3c s\u1ea3n xu\u1ea5t t\u1eeb gi\u1ed1ng G\u1eebng Nh\u1eadt B\u1ea3n <strong>( Kintoki Ginger)<\/strong> chuy\u1ec3n giao k\u1ef9 thu\u1eadt cho Vi\u1ec7t Nam \u0111\u00e3 \u0111\u01b0\u1ee3c B\u1ed9 Y t\u1ebf nghi\u1ec7m thu \u0111\u1ec1 t\u00e0i v\u00e0 tr\u1ed3ng theo h\u01b0\u1edbng Organic.<\/p>\n<p>\u0110\u1eb7c \u0111i\u1ec3m c\u1ee7a G\u1eebng Nh\u1eadt b\u1ea3n l\u00e0 h\u00e0m l\u01b0\u1ee3ng c\u00e1c ho\u1ea1t ch\u1ea5t ch\u00ednh nh\u01b0 zingiberene, \u03b2-bisabolene, \u03b2-sesquiphellandrene\u2026 trong tinh d\u1ea7u cao h\u01a1n nhi\u1ec1u gi\u1ed1ng G\u1eebng kh\u00e1c. D\u01b0\u1ee3c li\u1ec7u n\u00e0y v\u1ecb cay, t\u00ednh n\u00f3ng, quy kinh T\u00e2m, Ph\u1ebf, T\u1ef3, V\u1ecb, Th\u1eadn, \u0110\u1ea1i tr\u01b0\u1eddng. T\u00e1c d\u1ee5ng \u00f4n trung, t\u00e1n h\u00e0n, h\u1ed3i d\u01b0\u01a1ng, th\u00f4ng m\u1ea1ch, t\u00e1o th\u1ea5p ti\u00eau \u0111\u1eddm. D\u00f9ng tr\u1ecb ch\u1ee9ng \u0111au b\u1ee5ng do l\u1ea1nh, \u0111\u1ea7y tr\u01b0\u1edbng kh\u00f4ng ti\u00eau, n\u00f4n m\u1eeda, ti\u00eau ch\u1ea3y, tay ch\u00e2n l\u1ea1nh, ho \u0111\u1eddm, hen suy\u1ec5n, huy\u1ebft \u00e1p th\u1ea5p, s\u1ee3 l\u1ea1nh, m\u1ec7t m\u1ecfi. Nhi\u1ec1u nghi\u00ean c\u1ee9u hi\u1ec7n \u0111\u1ea1i cho th\u1ea5y G\u1eebng c\u00f3 kh\u1ea3 n\u0103ng ch\u1ed1ng oxy h\u00f3a, kh\u00e1ng vi\u00eam, kh\u00e1ng khu\u1ea9n, t\u0103ng c\u01b0\u1eddng mi\u1ec5n d\u1ecbch, c\u1ea3i thi\u1ec7n c\u00e1c r\u1ed1i lo\u1ea1n tim m\u1ea1ch, r\u1ed1i lo\u1ea1n ti\u00eau h\u00f3a, \u0111\u00e1i th\u00e1o \u0111\u01b0\u1eddng, gi\u1ea3m \u0111au c\u01a1 sau c\u00e1c ho\u1ea1t \u0111\u1ed9ng th\u1ec3 ch\u1ea5t c\u01b0\u1eddng \u0111\u1ed9 cao. M\u1ed9t s\u1ed1 h\u1ee3p ch\u1ea5t qu\u00fd trong G\u1eebng &#8211; gingerol, shogaol v\u00e0 paradol &#8211; l\u00e0 nh\u1eefng th\u00e0nh ph\u1ea7n c\u00f3 ti\u1ec1m n\u0103ng ph\u00f2ng ng\u1eeba m\u1ed9t s\u1ed1 b\u1ec7nh ung th\u01b0, h\u00ecnh th\u00e0nh m\u1ea1ch v\u00e0 di c\u0103n, g\u00e2y apoptosis v\u00e0 \u1ee9c ch\u1ebf s\u1ef1 ti\u1ebfn tri\u1ec3n c\u1ee7a chu k\u1ef3 t\u1ebf b\u00e0o.<\/p>\n<p>V\u00e0 c\u00f4ng d\u1ee5ng c\u1ee7a g\u1eebng \u0111\u01b0\u1ee3c c\u00e1c h\u00e3ng s\u1ea3n xu\u1ea5t tr\u00ean th\u1ebf gi\u1edbi nghi\u00ean c\u1ee9u<br \/>\n&#8211; \u0110i\u1ec1u tr\u1ecb v\u00e0 ng\u0103n ng\u1eeba m\u1ed9t s\u1ed1 l\u1ecdai b\u1ec7nh ung th\u01b0<br \/>\n&#8211; Ng\u0103n ng\u1eeba ti\u1ec3u \u0111\u01b0\u1eddng, Huy\u1ebft \u00e1p cao, cholestrol<br \/>\n&#8211; L\u00e0 ch\u1ea5t kh\u00e1ng sinh t\u1ef1 nhi\u00ean ch\u1ed1ng l\u1ea1i vi khu\u1ea9n g\u00e2y b\u1ec7nh<br \/>\n&#8211; \u0110\u00f3ng vai tr\u00f2 nh\u01b0 thu\u1ed1c gi\u1ea3m \u0111au, kh\u00e1ng vi\u00eam t\u1ef1 nhi\u00ean<br \/>\n&#8211; Ch\u1eefa bu\u1ed3n n\u00f4n, say xe, \u1ee3 n\u00f3ng<br \/>\n&#8211; Gi\u1ea3m chu\u1ed9t r\u00fat trong k\u1ef3 kinh nguy\u1ec7t<br \/>\n&#8211; \u0110i\u1ec1u tr\u1ecb b\u1ec7nh \u0111au n\u1eeda \u0111\u1ea7u<br \/>\n&#8211; Ch\u1eefa \u0111au b\u1ee5ng kinh, chu\u1ed9t r\u00fat v\u00e0 \u1ed1m ngh\u00e9n<br \/>\n&#8211; Ng\u0103n ng\u1eeba vi\u00eam lo\u00e1t d\u1ea1 d\u00e0y<br \/>\n&#8211; Cho tr\u00e1i tim kh\u1ecfe m\u1ea1nh<br \/>\n&#8211; Ch\u1ed1ng b\u1ec7nh gout v\u00e0 vi\u00eam kh\u1edbp<br \/>\n&#8211; T\u0103ng c\u01b0\u1eddng h\u1ec7 mi\u1ec5n d\u1ecbch, ng\u0103n ng\u1eeba c\u1ea3m c\u00fam v\u00e0 c\u1ea3m l\u1ea1nh<\/p>\n<p><strong>TR\u00c0 XANH <\/strong>(<em>Folium <\/em><em>Camelliae<\/em>) l\u00e0 ch\u1ed3i v\u00e0 l\u00e1 c\u1ee7a c\u00e2y Tr\u00e0, Ch\u00e8. Th\u1ea3o d\u01b0\u1ee3c n\u00e0y c\u00f3 v\u1ecb \u0111\u1eafng ch\u00e1t, h\u01a1i ng\u1ecdt, t\u00ednh m\u00e1t, quy kinh Can, Th\u1eadn. C\u00f3 t\u00e1c d\u1ee5ng thanh nhi\u1ec7t gi\u1ea3i \u0111\u1ed9c, l\u1ee3i ti\u1ec3u, ti\u00eau th\u1ef1c, c\u1ea7m t\u1ea3 l\u1ecb. \u0110\u00e2y l\u00e0 lo\u1ea1i th\u1ee9c u\u1ed1ng l\u01b0u truy\u1ec1n t\u1eeb nhi\u1ec1u th\u1ebf h\u1ec7 v\u00e0 r\u1ea5t quen thu\u1ed9c v\u1edbi m\u1ed7i ng\u01b0\u1eddi ch\u00fang ta. U\u1ed1ng tr\u00e0 xanh m\u1ed7i ng\u00e0y gi\u00fap tinh th\u1ea7n s\u1ea3ng kho\u00e1i, tr\u00ed tu\u1ec7 minh m\u1eabn, ti\u00eau h\u00f3a t\u1ed1t, \u0111\u1eb9p da, s\u00e1ng m\u1eaft, ch\u1eafc r\u0103ng. L\u1ee3i \u00edch \u0111a d\u1ea1ng c\u1ee7a Tr\u00e0 xanh li\u00ean quan \u0111\u1ebfn t\u00e1c d\u1ee5ng ch\u1ed1ng oxy h\u00f3a, b\u1ea3o v\u1ec7 gan, ph\u00f2ng ch\u1ed1ng c\u00e1c b\u1ec7nh m\u1ea1n t\u00ednh c\u1ee7a v\u1ecb thu\u1ed1c c\u1ed5 truy\u1ec1n n\u00e0y.<\/p>\n<p>G\u1eebng Nh\u1eadt b\u1ea3n l\u00e0 m\u1ed9t d\u01b0\u1ee3c li\u1ec7u qu\u00fd do nh\u1eefng n\u1ed5i tr\u1ed9i v\u1ec1 th\u00e0nh ph\u1ea7n tinh d\u1ea7u, nh\u01b0ng t\u00ednh m\u00e3nh li\u1ec7t c\u1ee7a n\u00f3 (v\u1ecb cay, t\u00ednh n\u00f3ng) c\u0169ng \u1ea3nh h\u01b0\u1edfng \u0111\u1ebfn kh\u1ea9u v\u1ecb ng\u01b0\u1eddi d\u00f9ng. Vherbs \u0111\u00e3 k\u1ebft h\u1ee3p G\u1eebng Nh\u1eadt b\u1ea3n v\u1edbi Tr\u00e0 xanh \u0111\u1ec3 h\u00e0i h\u00f2a t\u00ednh v\u1ecb, \u0111\u1ed3ng th\u1eddi c\u0169ng l\u00e0m t\u0103ng t\u00e1c d\u1ee5ng ch\u1ed1ng oxy h\u00f3a \u0111a chi\u1ec1u c\u1ee7a ch\u1ebf ph\u1ea9m.<\/p>\n<p>&nbsp;<\/p>\n<p>&nbsp;<\/p>\n","protected":false},"excerpt":{"rendered":"<p>Sumptuous, filling, and temptingly healthy, our Biona Organic Granola with Wild Berries is just the thing to get you out of bed. The goodness of rolled wholegrain oats are combined<\/p>\n","protected":false},"featured_media":4530,"comment_status":"open","ping_status":"closed","template":"","meta":[],"product_brand":[],"product_cat":[39],"product_tag":[97],"class_list":{"0":"post-1628","1":"product","2":"type-product","3":"status-publish","4":"has-post-thumbnail","6":"product_cat-tra-thao-moc","7":"product_tag-slide-home","9":"first","10":"instock","11":"taxable","12":"shipping-taxable","13":"product-type-simple"},"_links":{"self":[{"href":"https:\/\/vherbs.vn\/en\/wp-json\/wp\/v2\/product\/1628","targetHints":{"allow":["GET"]}}],"collection":[{"href":"https:\/\/vherbs.vn\/en\/wp-json\/wp\/v2\/product"}],"about":[{"href":"https:\/\/vherbs.vn\/en\/wp-json\/wp\/v2\/types\/product"}],"replies":[{"embeddable":true,"href":"https:\/\/vherbs.vn\/en\/wp-json\/wp\/v2\/comments?post=1628"}],"wp:featuredmedia":[{"embeddable":true,"href":"https:\/\/vherbs.vn\/en\/wp-json\/wp\/v2\/media\/4530"}],"wp:attachment":[{"href":"https:\/\/vherbs.vn\/en\/wp-json\/wp\/v2\/media?parent=1628"}],"wp:term":[{"taxonomy":"product_brand","embeddable":true,"href":"https:\/\/vherbs.vn\/en\/wp-json\/wp\/v2\/product_brand?post=1628"},{"taxonomy":"product_cat","embeddable":true,"href":"https:\/\/vherbs.vn\/en\/wp-json\/wp\/v2\/product_cat?post=1628"},{"taxonomy":"product_tag","embeddable":true,"href":"https:\/\/vherbs.vn\/en\/wp-json\/wp\/v2\/product_tag?post=1628"}],"curies":[{"name":"wp","href":"https:\/\/api.w.org\/{rel}","templated":true}]}}