{"id":1629,"date":"2023-03-01T08:53:19","date_gmt":"2023-03-01T08:53:19","guid":{"rendered":"https:\/\/vherbs.vn\/product\/black-tea-copy-3\/"},"modified":"2025-12-02T14:27:09","modified_gmt":"2025-12-02T14:27:09","slug":"tra-tui-loc-tran-chau-thao","status":"publish","type":"product","link":"https:\/\/vherbs.vn\/en\/san-pham\/tra-tui-loc-tran-chau-thao\/","title":{"rendered":"Tr\u00e0 t\u00fai l\u1ecdc tr\u00e2n ch\u00e2u th\u1ea3o"},"content":{"rendered":"<p><strong>TR\u00c0 TR\u00c2N CH\u00c2U TH\u1ea2O: GI\u1ea2I \u0110\u1ed8C GAN, TR\u1eea M\u1ee4N NH\u1eccT <\/strong><\/p>\n<ul>\n<li><strong>Th\u00e0nh ph\u1ea7n :<\/strong> Di\u1ec7p h\u1ea1 ch\u00e2u, Atiso, Cam th\u1ea3o<\/li>\n<li><strong>C\u00f4ng d\u1ee5ng<\/strong>: Gi\u00fap Ti\u00eau \u0111\u1ed9c, ho\u1ea1t huy\u1ebft , l\u1ee3i m\u1eadt , thanh can, s\u00e1ng m\u1eaft, l\u1ee3i th\u1ee7y<br \/>\nTh\u00edch h\u1ee3p d\u00f9ng cho ng\u01b0\u1eddi vi\u00eam gan v\u00e0ng da, m\u1ee5n nh\u1ecdt l\u1edf ng\u1ee9a ngo\u00e0i da, vi\u00eam th\u1eadn ph\u00f9 th\u0169ng. Ng\u01b0\u1eddi u\u1ed1ng nhi\u1ec1u r\u01b0\u1ee3u bia \u1ea3nh h\u01b0\u1edfng ch\u1ee9c n\u0103ng gan<\/li>\n<li><strong>H\u01b0\u1edbng d\u1eabn s\u1eed d\u1ee5ng<\/strong> : Ng\u00e0y u\u1ed1ng 2 l\u1ea7n, m\u1ed7i l\u1ea7n 1 t\u00fai . Ng\u00e2m t\u00fai Tr\u00e0 v\u00e0o 200 ml n\u01b0\u1edbc s\u00f4i, \u0111\u1eady n\u1eafp t\u00e1ch tr\u00e0, ch\u1edd 3 ph\u00fat l\u00e0 d\u00f9ng \u0111\u01b0\u1ee3c. C\u00f3 th\u1ec3 ch\u00e2m th\u00eam n\u01b0\u1edbc s\u00f4i l\u1ea7n 2.<\/li>\n<li><strong>V\u1ecb: <\/strong>\u0111\u1eafng ( h\u1ed9p m\u00e0u xanh)<\/li>\n<\/ul>\n<p>Tr\u00e2n ch\u00e2u th\u1ea3o &#8211; T\u00ean khoa h\u1ecdc l\u00e0 <em>Herba Phyllanthi amari<\/em> c\u00f3 nhi\u1ec1u t\u00ean g\u1ecdi kh\u00e1c do th\u1ed5 ng\u1eef \u0111\u1ecba Ph\u01b0\u01a1ng . V\u00f9ng cao nguy\u00ean T\u00e2y B\u1eafc g\u1ecdi l\u00e0 Tr\u00e2n ch\u00e2u th\u1ea3o ( h\u1ea1t ng\u1ecdc c\u1ee7a l\u00f2ai c\u00e2y c\u1ecf), nh\u01b0ng ph\u1ed5 bi\u1ebfn nh\u1ea5t g\u1ecdi l\u00e0 Di\u1ec7p h\u1ea1 ch\u00e2u . Trong cu\u1ed1n \u201c \u0111\u00f4ng d\u01b0\u1ee3c th\u1ea7n th\u1ea3o t\u00f2ng thu\u201d c\u1ee7a \u0110\u1ea1i y s\u01b0 Tu\u1ec7 T\u0129nh c\u00f3 t\u00ean l\u00e0 \u201c ch\u00f3 \u0111\u1ebb\u201d v\u00ec \u1edf c\u00e1c v\u00f9ng n\u00f4ng th\u00f4n, ch\u00f3 c\u00e1i sau khi \u0111\u1ebb con xong th\u01b0\u1eddng ra v\u01b0\u1eddn t\u00ecm c\u00e2y n\u00e0y \u0111\u1ec3 nhai nu\u1ed1t 2-3 ng\u00e0y li\u00ean t\u1ee5c v\u1eeba \u0111\u1ec3 c\u1ea7m m\u00e1u v\u1eeba \u0111\u1ec3 b\u1ea3o v\u1ec7 sinh m\u1ea1ng \u2013 M\u1ed9t b\u1ea3n n\u0103ng t\u1ef1 v\u1ec7 m\u00e0 t\u1ea1o h\u00f3a ban cho lo\u00e0i v\u1eadt.<br \/>\nTheo YHCT Tr\u00e2n ch\u00e2u th\u1ea3o v\u1ecb \u0111\u1eafng , t\u00ednh b\u00ecnh . V\u00e0o c\u00e1c kinh can, ph\u1ebf<br \/>\nC\u00f4ng n\u0103ng ch\u1ee7 tr\u1ecb:<br \/>\n&#8211; Ti\u00eau \u0111\u1ed9c, ho\u1ea1t huy\u1ebft , l\u1ee3i m\u1eadt , thanh can, s\u00e1ng m\u1eaft, l\u1ee3i th\u1ee7y<br \/>\n&#8211; D\u00f9ng khi vi\u00eam gan, ho\u00e0ng \u0111\u1ea3n, vi\u00eam h\u1ecdng m\u1ee5n nh\u1ecdt, vi\u00eam da th\u1ea7n kinh, ch\u00e0m, vi\u00eam th\u1eadn, ph\u00f9 th\u0169ng , s\u1ecfi ti\u1ebft li\u1ec7u, vi\u00eam ru\u1ed9t ti\u00eau ch\u1ea3y.<br \/>\n&#8211; Theo Y h\u1ecdc hi\u1ec7n \u0111\u1ea1i \u0111\u00e3 \u0111\u01b0\u1ee3c c\u00e1c nh\u00e0 khoa h\u1ecdc ch\u1ee9ng minh<br \/>\nN\u0103m 1988 Blumberg v\u00e0 Thiogarajan c\u00f4ng b\u1ed1 \u0111\u00e3 \u0111i\u1ec1u tr\u1ecb 37 b\u1ec7nh nh\u00e2n vi\u00eam gan si\u00eau vi B b\u1eb1ng Tr\u00e2n ch\u00e2u th\u1ea3o Phyllanthus Amarus \u0111\u1ea1t k\u1ebft qu\u1ea3 \u00e2m t\u00ednh 22\/37 sau 30 ng\u00e0y<br \/>\nTheo m\u1ed9t b\u00e1o c\u00e1o t\u1ed5ng h\u1ee3p c\u1ee7a b\u00e1c s\u0129 L\u00ea Minh Kh\u00f4i &#8211; B\u1ec7nh vi\u1ec7n TW Hu\u1ebf nghi\u00ean c\u1ee9u th\u1ef1c hi\u1ec7n n\u0103m 2010, 40% ng\u01b0\u1eddi th\u01b0\u1eddng xuy\u00ean s\u1eed d\u1ee5ng bia r\u01b0\u1ee3u (trong nh\u00f3m \u0111\u01b0\u1ee3c t\u1ed5ng h\u1ee3p) m\u1eafc ch\u1ee9ng gan nhi\u1ec5m m\u1ee1; 10% s\u1ed1 \u0111\u00f3 ti\u1ebfn tri\u1ec3n th\u00e0nh ung th\u01b0 gan. Kho\u1ea3ng m\u1ed9t ph\u1ea7n hai s\u1ed1 b\u1ec7nh nh\u00e2n vi\u00eam gan do r\u01b0\u1ee3u n\u1eb7ng s\u1ebd ti\u1ebfn tri\u1ec3n th\u00e0nh x\u01a1 gan v\u00e0 kho\u1ea3ng m\u1ed9t ph\u1ea7n t\u01b0 t\u1ed5ng s\u1ed1 b\u1ec7nh nh\u00e2n vi\u00eam gan do r\u01b0\u1ee3u \u1edf m\u1ee9c \u0111\u1ed9 nh\u1eb9 c\u00f3 th\u1ec3 b\u1ecb x\u01a1 gan nh\u1eefng n\u0103m sau. B\u1ec7nh nh\u00e2n x\u01a1 gan th\u01b0\u1eddng t\u1eed vong do c\u00e1c bi\u1ebfn ch\u1ee9ng nh\u01b0 b\u1ec7nh n\u00e3o, xu\u1ea5t huy\u1ebft ti\u00eau h\u00f3a, suy ki\u1ec7t n\u1eb7ng, ung th\u01b0 gan\u2026<br \/>\nCh\u1ea5t \u0111\u1eafng (phyllathin, hypophyllanthin, triacontanal) trong di\u1ec7p h\u1ea1 ch\u00e2u \u0111\u1eafng c\u00f3 nhi\u1ec1u t\u00e1c d\u1ee5ng ch\u1eefa b\u1ec7nh, \u0111\u1eb7c bi\u1ec7t l\u00e0 kh\u1ea3 n\u0103ng gi\u1ea3i \u0111\u1ed9c, kh\u00f4i ph\u1ee5c ch\u1ee9c n\u0103ng b\u00ecnh th\u01b0\u1eddng c\u1ee7a gan, t\u1ed1t trong c\u00e1c tr\u01b0\u1eddng h\u1ee3p suy gi\u1ea3m ch\u1ee9c n\u0103ng gan do s\u1eed d\u1ee5ng nhi\u1ec1u bia r\u01b0\u1ee3u. C\u00e1c ch\u1ea5t n\u00e0y l\u00e0m gia t\u0103ng l\u01b0\u1ee3ng glutathione &#8211; ch\u1ea5t b\u1ea3o v\u1ec7 gan th\u01b0\u1eddng b\u1ecb thi\u1ebfu tr\u1ea7m tr\u1ecdng \u1edf nh\u1eefng ng\u01b0\u1eddi th\u01b0\u1eddng xuy\u00ean s\u1eed d\u1ee5ng bia r\u01b0\u1ee3u. N\u0103m 1995, c\u00e1c nh\u00e0 khoa h\u1ecdc Brazil c\u0169ng ph\u00e1t hi\u1ec7n t\u00e1c d\u1ee5ng gi\u1ea3m \u0111au m\u1ea1nh v\u00e0 b\u1ec1n v\u1eefng c\u1ee7a lo\u00e0i c\u00e2y n\u00e0y. T\u00e1c d\u1ee5ng n\u00e0y \u0111\u01b0\u1ee3c cho l\u00e0 do acid gallic, c\u00f3 \u00fd ngh\u0129a trong t\u00ecnh tr\u1ea1ng vi\u00eam gan, t\u1ed5n th\u01b0\u01a1ng gan do bia r\u01b0\u1ee3u.<\/p>\n<p>Di\u1ec7p h\u1ea1 ch\u00e2u ( Tr\u00e2n ch\u00e2u th\u1ea3o) ngu\u1ed3n nguy\u00ean li\u1ec7u tr\u1ed3ng t\u1ea1i Mi\u1ec1n Trung Nam b\u1ed9 \u0111\u01b0\u1ee3c c\u1ea5p gi\u1ea5y ch\u1ee9ng nh\u1eadn ti\u00eau chu\u1ea9n GACP-WHO , ph\u00f9 h\u1ee3p v\u1edbi th\u1ed5 nh\u01b0\u1ee1ng v\u00e0 kh\u00ed h\u1eadu \u0111\u1ec3 c\u00f3 ho\u1ea1t ch\u1ea5t cao nh\u1ea5t s\u1eed d\u1ee5ng \u0111\u1ec3 s\u1ea3n xu\u1ea5t thu\u1ed1c cho c\u00e1c c\u00f4ng ty d\u01b0\u1ee3c c\u1ee7a Ch\u00e2u \u00c2u<br \/>\n<strong>ACTISO <\/strong>(<em>Folium Cynarae scolymi<\/em><em>)<\/em> l\u00e0 l\u00e1 c\u1ee7a c\u00e2y Actiso. Th\u1ea3o d\u01b0\u1ee3c n\u00e0y c\u00f3 v\u1ecb \u0111\u1eafng, t\u00ednh m\u00e1t, quy kinh Can, \u0110\u1edfm. C\u00f3 t\u00e1c d\u1ee5ng l\u1ee3i m\u1eadt, ch\u1ec9 th\u1ed1ng. D\u00f9ng \u0111\u1ec3 ch\u1eefa ti\u00eau h\u00f3a k\u00e9m, vi\u00eam gan, vi\u00eam t\u00fai m\u1eadt, s\u1ecfi m\u1eadt.<\/p>\n<p><strong>CAM TH\u1ea2O<\/strong> (<em>Radix <\/em><em>et Rhizoma <\/em><em>Glycyrrhizae<\/em><em>)<\/em> v\u1ecb ng\u1ecdt, t\u00ednh b\u00ecnh; quy 12 kinh, ch\u1ee7 y\u1ebfu l\u00e0 T\u00e2m, Ph\u1ebf, T\u1ef3, V\u1ecb. L\u00e0 v\u1ecb thu\u1ed1c ki\u1ec7n T\u1ef3 \u00edch kh\u00ed, nhu\u1eadn Ph\u1ebf, gi\u1ea3m ho, gi\u1ea3i \u0111\u1ed9c; d\u00f9ng trong c\u00e1c tr\u01b0\u1eddng h\u1ee3p T\u1ef3 V\u1ecb h\u01b0 nh\u01b0\u1ee3c, \u0103n kh\u00f4ng ngon mi\u1ec7ng, ho \u0111\u1eddm, \u0111\u00e1nh tr\u1ed1ng ng\u1ef1c. Trong ch\u1ebf ph\u1ea7m n\u00e0y, Cam th\u1ea3o \u0111\u00f3ng vai tr\u00f2 \u0111i\u1ec1u h\u00f2a v\u1ecb \u0111\u1eafng c\u1ee7a Di\u1ec7p h\u1ea1 ch\u00e2u<\/p>\n<p>S\u1ef1 k\u1ebft h\u1ee3p 3 lo\u1ea1i th\u1ea3o d\u01b0\u1ee3c n\u00e0y l\u00e0m cho TR\u00c0 TR\u00c2N CH\u00c2U TH\u1ea2O c\u00f3 v\u1ecb \u0111\u1eafng nh\u1eb9, ng\u1ecdt h\u1eadu t\u00ednh m\u00e1t, quy v\u00e0o kinh Can, Th\u1eadn, Ph\u1ebf. Ch\u1ebf ph\u1ea9m c\u00f3 c\u00f4ng n\u0103ng t\u1ed5ng h\u1ee3p l\u00e0 thanh Can gi\u1ea3i \u0111\u1ed9c, l\u1ee3i ti\u1ec3u, gi\u00fap ti\u00eau h\u00f3a. Nh\u1edd v\u00e0o s\u1ef1 k\u1ebft h\u1ee3p h\u00e0i h\u00f2a c\u1ee7a c\u00e1c th\u1ea3o d\u01b0\u1ee3c c\u00f3 t\u00e1c d\u1ee5ng b\u1ea3o v\u1ec7 gan m\u1eadt, kh\u00f4ng ch\u1ec9 t\u0103ng c\u01b0\u1eddng ch\u1ee9c n\u0103ng gi\u1ea3i \u0111\u1ed9c gan, m\u00e0 c\u00f2n gi\u00fap ph\u00f2ng ng\u1eeba v\u00e0 h\u1ed7 tr\u1ee3 \u0111i\u1ec1u tr\u1ecb nhi\u1ec1u b\u1ec7nh l\u00fd m\u1ea1n t\u00ednh li\u00ean quan \u0111\u1ebfn ch\u1ee9c n\u0103ng chuy\u1ec3n h\u00f3a c\u1ee7a gan nh\u01b0 r\u1ed1i lo\u1ea1n lipid m\u00e1u, t\u0103ng acid uric, t\u0103ng \u0111\u01b0\u1eddng huy\u1ebft, gi\u1ea3m ch\u1ee9c n\u0103ng gan, th\u1eadn, t\u0103ng huy\u1ebft \u00e1p\u2026<\/p>\n<p>&nbsp;<\/p>\n","protected":false},"excerpt":{"rendered":"<p>Sumptuous, filling, and temptingly healthy, our Biona Organic Granola with Wild Berries is just the thing to get you out of bed. The goodness of rolled wholegrain oats are combined<\/p>\n","protected":false},"featured_media":4526,"comment_status":"open","ping_status":"closed","template":"","meta":[],"product_brand":[],"product_cat":[39],"product_tag":[62,63],"class_list":{"0":"post-1629","1":"product","2":"type-product","3":"status-publish","4":"has-post-thumbnail","6":"product_cat-tra-thao-moc","7":"product_tag-natural","8":"product_tag-organic","10":"first","11":"instock","12":"taxable","13":"shipping-taxable","14":"product-type-simple"},"_links":{"self":[{"href":"https:\/\/vherbs.vn\/en\/wp-json\/wp\/v2\/product\/1629","targetHints":{"allow":["GET"]}}],"collection":[{"href":"https:\/\/vherbs.vn\/en\/wp-json\/wp\/v2\/product"}],"about":[{"href":"https:\/\/vherbs.vn\/en\/wp-json\/wp\/v2\/types\/product"}],"replies":[{"embeddable":true,"href":"https:\/\/vherbs.vn\/en\/wp-json\/wp\/v2\/comments?post=1629"}],"wp:featuredmedia":[{"embeddable":true,"href":"https:\/\/vherbs.vn\/en\/wp-json\/wp\/v2\/media\/4526"}],"wp:attachment":[{"href":"https:\/\/vherbs.vn\/en\/wp-json\/wp\/v2\/media?parent=1629"}],"wp:term":[{"taxonomy":"product_brand","embeddable":true,"href":"https:\/\/vherbs.vn\/en\/wp-json\/wp\/v2\/product_brand?post=1629"},{"taxonomy":"product_cat","embeddable":true,"href":"https:\/\/vherbs.vn\/en\/wp-json\/wp\/v2\/product_cat?post=1629"},{"taxonomy":"product_tag","embeddable":true,"href":"https:\/\/vherbs.vn\/en\/wp-json\/wp\/v2\/product_tag?post=1629"}],"curies":[{"name":"wp","href":"https:\/\/api.w.org\/{rel}","templated":true}]}}