{"id":1656,"date":"2021-11-15T09:10:43","date_gmt":"2021-11-15T09:10:43","guid":{"rendered":"https:\/\/vherbs.vn\/product\/black-tea-copy\/"},"modified":"2025-12-02T14:26:14","modified_gmt":"2025-12-02T14:26:14","slug":"tra-tui-loc-nhau-nui","status":"publish","type":"product","link":"https:\/\/vherbs.vn\/en\/san-pham\/tra-tui-loc-nhau-nui\/","title":{"rendered":"Tr\u00e0 t\u00fai l\u1ecdc nh\u00e0u n\u00fai"},"content":{"rendered":"<p><strong>TR\u00c0 NH\u00c0U N\u00daI: NHU\u1eacN TR\u01af\u1edcNG, L\u1ee2I TI\u1ec2U, GI\u1ea2M \u0110AU L\u01afNG NH\u1ee8C M\u1eceI<\/strong><\/p>\n<ul>\n<li><strong>Th\u00e0nh ph\u1ea7n: <\/strong>Tr\u00e1i nh\u00e0u r\u1eebng<strong>, <\/strong>Tr\u00e0 xanh shan tuy\u1ebft, cam th\u1ea3o<\/li>\n<li><strong>C\u00f4ng d\u1ee5ng:<\/strong> K\u00edch th\u00edch ti\u00eau h\u00f3a, nhu\u1eadn tr\u00e0ng, l\u1ee3i ti\u1ec3u , \u0111i\u1ec1u kinh ho\u1ea1t huy\u1ebft, gi\u1ea3m \u0111au nh\u1ee9c x\u01b0\u01a1ng kh\u1edbp<\/li>\n<li><strong>H\u01b0\u1edbng d\u1eabn s\u1eed s\u1ee5ng:<\/strong> Ng\u00e0y u\u1ed1ng 2 l\u1ea7n, m\u1ed7i l\u1ea7n 1 t\u00fai . Ng\u00e2m t\u00fai Tr\u00e0 v\u00e0o 200 ml n\u01b0\u1edbc s\u00f4i, \u0111\u1eady n\u1eafp t\u00e1ch tr\u00e0, ch\u1edd 3 ph\u00fat l\u00e0 d\u00f9ng \u0111\u01b0\u1ee3c<\/li>\n<li><strong>V\u1ecb: <\/strong>chua nh\u1eb9 c\u1ee7a tr\u00e1i nh\u00e0u ch\u00edn ( h\u1ed9p m\u00e0u tr\u1eafng)<\/li>\n<\/ul>\n<p>\u0110\u1ecdc th\u00eam<\/p>\n<p><strong>TR\u00c1I NH\u00c0U N\u00daI <\/strong>(<em>Fructus <\/em><em>Morindae citrifoliae<\/em>). Tr\u00e1i nh\u00e0u xanh c\u00f3 v\u1ecb h\u01a1i chua, g\u1ea7n gi\u1ed1ng ph\u00f4 mai.V\u1ecb thu\u1ed1c n\u00e0y c\u00f3 t\u00e1c d\u1ee5ng gi\u1ea3m \u0111au, kh\u00e1ng vi\u00eam,\u00a0 b\u1ea3o v\u1ec7 tim m\u1ea1ch, ch\u1ed1ng l\u00e3o h\u00f3a, nhu\u1eadn tr\u01b0\u1eddng, l\u1ee3i ti\u1ec3u, \u0111i\u1ec1u kinh. D\u00f9ng ch\u1eefa \u0111au l\u01b0ng, nh\u1ee9c m\u1ecfi, vi\u00eam x\u01b0\u01a1ng kh\u1edbp, t\u00e1o b\u00f3n, t\u0103ng lipid m\u00e1u, vi\u00eam d\u1ea1 d\u00e0y, t\u1ee5 huy\u1ebft b\u1ea7m t\u00edm do ch\u1ea5n th\u01b0\u01a1ng t\u00e9 ng\u00e3, ti\u1ec3u \u00edt, \u0111au b\u1ee5ng kinh, r\u1ed1i lo\u1ea1n kinh nguy\u1ec7t.<\/p>\n<p><em>Nh\u00e0u r\u1eebng (Nh\u00f3 \u0111\u00f4ng), t\u00ean khoa h\u1ecdc Morinda longissima Y.Z. Ruan, m\u1ecdc hoang \u0110aklak, H\u00f2a Kh\u01b0\u01a1ng, H\u00f2a Ph\u00fa, H\u00f2a Ninh, H\u00f2a B\u1eafc (\u0110\u00e0 n\u1eb5ng).<\/em><\/p>\n<p><strong>TR\u00c0 XANH <\/strong>(<em>Folium <\/em><em>Camelliae<\/em>) l\u00e0 ch\u1ed3i v\u00e0 l\u00e1 c\u1ee7a c\u00e2y Tr\u00e0, Ch\u00e8. Th\u1ea3o d\u01b0\u1ee3c n\u00e0y c\u00f3 v\u1ecb \u0111\u1eafng ch\u00e1t, h\u01a1i ng\u1ecdt, t\u00ednh m\u00e1t, quy kinh Can, Th\u1eadn. C\u00f3 t\u00e1c d\u1ee5ng thanh nhi\u1ec7t gi\u1ea3i \u0111\u1ed9c, l\u1ee3i ti\u1ec3u, ti\u00eau th\u1ef1c, c\u1ea7m t\u1ea3 l\u1ecb. \u0110\u00e2y l\u00e0 lo\u1ea1i th\u1ee9c u\u1ed1ng l\u01b0u truy\u1ec1n t\u1eeb nhi\u1ec1u th\u1ebf h\u1ec7 v\u00e0 r\u1ea5t quen thu\u1ed9c v\u1edbi m\u1ed7i ng\u01b0\u1eddi ch\u00fang ta. U\u1ed1ng tr\u00e0 xanh m\u1ed7i ng\u00e0y gi\u00fap tinh th\u1ea7n s\u1ea3ng kho\u00e1i, tr\u00ed tu\u1ec7 minh m\u1eabn, ti\u00eau h\u00f3a t\u1ed1t, \u0111\u1eb9p da, s\u00e1ng m\u1eaft, ch\u1eafc r\u0103ng. L\u1ee3i \u00edch \u0111a d\u1ea1ng c\u1ee7a Tr\u00e0 xanh li\u00ean quan \u0111\u1ebfn t\u00e1c d\u1ee5ng ch\u1ed1ng oxy h\u00f3a, b\u1ea3o v\u1ec7 gan, ph\u00f2ng ch\u1ed1ng c\u00e1c b\u1ec7nh m\u1ea1n t\u00ednh c\u1ee7a v\u1ecb thu\u1ed1c c\u1ed5 truy\u1ec1n n\u00e0y.<\/p>\n<p><strong>CAM TH\u1ea2O<\/strong> (<em>Radix <\/em><em>et Rhizoma <\/em><em>Glycyrrhizae<\/em><em>)<\/em> v\u1ecb ng\u1ecdt, t\u00ednh b\u00ecnh; quy 12 kinh, ch\u1ee7 y\u1ebfu l\u00e0 T\u00e2m, Ph\u1ebf, T\u1ef3, V\u1ecb. L\u00e0 v\u1ecb thu\u1ed1c ki\u1ec7n T\u1ef3 \u00edch kh\u00ed, nhu\u1eadn Ph\u1ebf, gi\u1ea3m ho, gi\u1ea3i \u0111\u1ed9c; d\u00f9ng trong c\u00e1c tr\u01b0\u1eddng h\u1ee3p T\u1ef3 V\u1ecb h\u01b0 nh\u01b0\u1ee3c, \u0103n kh\u00f4ng ngon mi\u1ec7ng, ho \u0111\u1eddm, \u0111\u00e1nh tr\u1ed1ng ng\u1ef1c. Trong ch\u1ebf ph\u1ea7m n\u00e0y, Cam th\u1ea3o \u0111\u00f3ng vai tr\u00f2 \u0111i\u1ec1u h\u00f2a v\u1ecb \u0111\u1eafng c\u1ee7a tr\u00e1i Nh\u00e0u v\u00e0 Tr\u00e0 xanh.<\/p>\n<p>S\u1ef1 k\u1ebft h\u1ee3p tr\u00e1i Nh\u00e0u n\u00fai v\u1edbi Tr\u00e0 xanh l\u00e0m cho TR\u00c0 NH\u00c0U N\u00daI c\u00f3 v\u1ecb ch\u00e1t nh\u1eb9 t\u00ednh m\u00e1t, quy v\u00e0o kinh Can, Th\u1eadn. Ch\u1ebf ph\u1ea9m c\u00f3 c\u00f4ng n\u0103ng t\u1ed5ng h\u1ee3p l\u00e0 nhu\u1eadn tr\u00e0ng, l\u1ee3i ti\u1ec3u, kh\u00e1ng vi\u00eam, ch\u1ed1ng l\u00e3o h\u00f3a, t\u0103ng s\u1ee9c \u0111\u1ec1 kh\u00e1ng c\u1ee7a c\u01a1 th\u1ec3, gi\u00fap ph\u00f2ng ng\u1eeba v\u00e0 h\u1ed7 tr\u1ee3 \u0111i\u1ec1u tr\u1ecb nhi\u1ec1u b\u1ec7nh l\u00fd m\u1ea1n t\u00ednh do nguy\u00ean nh\u00e2n t\u0103ng g\u1ed1c t\u1ef1 do, nh\u01b0: vi\u00eam x\u01b0\u01a1ng kh\u1edbp, vi\u00eam kh\u1edbp gout, r\u1ed1i lo\u1ea1n lipid m\u00e1u, t\u0103ng huy\u1ebft \u00e1p, gi\u1ea3m ch\u1ee9c n\u0103ng gan, th\u1eadn\u2026 \u0110\u1ed3ng th\u1eddi, TR\u00c0 NH\u00c0U N\u00daI c\u00f2n c\u00f3 t\u00e1c d\u1ee5ng b\u1ea3o v\u1ec7 da, ch\u1ed1ng l\u1ea1i c\u00e1c t\u00e1c nh\u00e2n g\u00e2y l\u00e3o h\u00f3a b\u00ean ngo\u00e0i v\u00e0 b\u00ean trong c\u01a1 th\u1ec3.<\/p>\n<p>Tr\u00e0 tr\u00e1i nh\u00e0u c\u1ee7a Vherbs r\u1ea5t \u0111\u01b0\u1ee3c c\u00e1c kh\u00e1ch h\u00e0ng Nh\u1eadt b\u1ea3n v\u00e0 H\u00e0n Qu\u1ed1c \u01b0a chu\u1ed9ng<\/p>\n<p>&nbsp;<\/p>\n<p>&nbsp;<\/p>\n","protected":false},"excerpt":{"rendered":"<p>S\u1ef1 k\u1ebft h\u1ee3p tr\u00e1i Nh\u00e0u n\u00fai v\u1edbi Tr\u00e0 xanh l\u00e0m cho TR\u00c0 NH\u00c0U N\u00daI c\u00f3 v\u1ecb ch\u00e1t nh\u1eb9 t\u00ednh m\u00e1t, quy v\u00e0o kinh Can, Th\u1eadn. Ch\u1ebf ph\u1ea9m c\u00f3 c\u00f4ng n\u0103ng t\u1ed5ng h\u1ee3p l\u00e0 nhu\u1eadn tr\u00e0ng, l\u1ee3i ti\u1ec3u, kh\u00e1ng vi\u00eam, ch\u1ed1ng l\u00e3o h\u00f3a, t\u0103ng s\u1ee9c \u0111\u1ec1 kh\u00e1ng c\u1ee7a c\u01a1 th\u1ec3, gi\u00fap ph\u00f2ng ng\u1eeba v\u00e0 h\u1ed7 tr\u1ee3 \u0111i\u1ec1u tr\u1ecb nhi\u1ec1u b\u1ec7nh l\u00fd m\u1ea1n t\u00ednh do nguy\u00ean nh\u00e2n t\u0103ng g\u1ed1c t\u1ef1 do, nh\u01b0: vi\u00eam x\u01b0\u01a1ng kh\u1edbp, vi\u00eam kh\u1edbp gout, r\u1ed1i lo\u1ea1n lipid m\u00e1u, t\u0103ng huy\u1ebft \u00e1p, gi\u1ea3m ch\u1ee9c n\u0103ng gan, th\u1eadn\u2026<\/p>\n","protected":false},"featured_media":4524,"comment_status":"open","ping_status":"closed","template":"","meta":[],"product_brand":[],"product_cat":[39],"product_tag":[],"class_list":{"0":"post-1656","1":"product","2":"type-product","3":"status-publish","4":"has-post-thumbnail","6":"product_cat-tra-thao-moc","8":"first","9":"instock","10":"taxable","11":"shipping-taxable","12":"product-type-simple"},"_links":{"self":[{"href":"https:\/\/vherbs.vn\/en\/wp-json\/wp\/v2\/product\/1656","targetHints":{"allow":["GET"]}}],"collection":[{"href":"https:\/\/vherbs.vn\/en\/wp-json\/wp\/v2\/product"}],"about":[{"href":"https:\/\/vherbs.vn\/en\/wp-json\/wp\/v2\/types\/product"}],"replies":[{"embeddable":true,"href":"https:\/\/vherbs.vn\/en\/wp-json\/wp\/v2\/comments?post=1656"}],"wp:featuredmedia":[{"embeddable":true,"href":"https:\/\/vherbs.vn\/en\/wp-json\/wp\/v2\/media\/4524"}],"wp:attachment":[{"href":"https:\/\/vherbs.vn\/en\/wp-json\/wp\/v2\/media?parent=1656"}],"wp:term":[{"taxonomy":"product_brand","embeddable":true,"href":"https:\/\/vherbs.vn\/en\/wp-json\/wp\/v2\/product_brand?post=1656"},{"taxonomy":"product_cat","embeddable":true,"href":"https:\/\/vherbs.vn\/en\/wp-json\/wp\/v2\/product_cat?post=1656"},{"taxonomy":"product_tag","embeddable":true,"href":"https:\/\/vherbs.vn\/en\/wp-json\/wp\/v2\/product_tag?post=1656"}],"curies":[{"name":"wp","href":"https:\/\/api.w.org\/{rel}","templated":true}]}}