{"id":1702,"date":"2023-02-01T10:59:41","date_gmt":"2023-02-01T10:59:41","guid":{"rendered":"https:\/\/vherbs.vn\/product\/cruciferous-bitter-copy-2\/"},"modified":"2025-12-02T14:20:34","modified_gmt":"2025-12-02T14:20:34","slug":"tra-den-huu-co-shan-tuyet-co-thu-cam-que","status":"publish","type":"product","link":"https:\/\/vherbs.vn\/en\/san-pham\/tra-den-huu-co-shan-tuyet-co-thu-cam-que\/","title":{"rendered":"Tr\u00e0 \u0110en H\u1eefu C\u01a1 Shan Tuy\u1ebft C\u1ed5 Th\u1ee5 Cam Qu\u1ebf"},"content":{"rendered":"<p><strong>TR\u00c0 \u0110EN SHAN TUY\u1ebeT C\u1ed4 TH\u1ee4 CAM QU\u1ebe\u00a0 (Lon cao c\u1ea5p)<\/strong><\/p>\n<ol>\n<li>Th\u00e0nh Ph\u1ea7n: B\u00fap \u0111en h\u1eefu c\u01a1 shan tuy\u1ebft c\u1ed5 th\u1ee5, Cam, Qu\u1ebf<\/li>\n<li>Kh\u1ed1i l\u01b0\u1ee3ng t\u1ecbnh: 90 gr<\/li>\n<li>H\u01b0\u1edbng d\u1eabn pha tr\u00e0: Tr\u00e1ng \u1ea5m v\u00e0 d\u1ee5ng c\u1ee5 pha tr\u00e0 b\u1eb1ng n\u01b0\u1edbc s\u00f4i ( d\u00f9ng \u1ea5m s\u1ee9 hay th\u1ee7y tinh h\u01b0\u01a1ng v\u1ecb tr\u00e0 s\u1ebd ngon h\u01a1n). Cho 7g tr\u00e0 v\u00e0o b\u00ecnh, ch\u00e2m 200ml n\u01b0\u1edbc s\u00f4i, ch\u1edd 1 ph\u00fat, r\u00f3t h\u1ebft tr\u00e0 trong b\u00ecnh ra th\u01b0\u1edfng th\u1ee9c. Ti\u1ebfp t\u1ee5c ch\u00e2m n\u01b0\u1edbc 2, c\u00f3 th\u1ec3 pha 5 l\u1ea7n n\u01b0\u1edbc.<\/li>\n<li>B\u1ea3o qu\u1ea3n: N\u01a1i kh\u00f4 r\u00e1o tho\u00e1ng m\u00e1t, tr\u00e1nh \u00e1nh s\u00e1ng tr\u1ef1c ti\u1ebfp<\/li>\n<\/ol>\n<p>&nbsp;<\/p>\n<p>Tr\u00e0 Shan tuy\u1ebft c\u1ed5 th\u1ee5 Vherbs, thu\u1ed9c v\u00f9ng tr\u00e0 c\u1ed5 t\u1ef1 nhi\u00ean h\u00e0ng tr\u0103m n\u0103m tu\u1ed5i tr\u00ean v\u00f9ng n\u00fai cao\u00a0 1300 \u2013 1900 m thu\u1ed9c\u00a0 huy\u1ec7n Ho\u00e0ng Su Ph\u00ec, t\u1ec9nh\u00a0 H\u00e0 Giang.<\/p>\n<p>Theo nh\u1eefng ng\u01b0\u1eddi gi\u00e0 trong b\u1ea3n, nh\u1eefng c\u00e2y tr\u00e0 c\u00f3 tu\u1ed5i \u0111\u1eddi h\u00e0ng tr\u0103m n\u0103m do nhi\u1ec1u th\u1ebf h\u1ec7 t\u1eeb xa x\u01b0a \u0111\u1ec3 l\u1ea1i. Nh\u1eefng c\u00e2y tr\u00e0 c\u1ed5 th\u1ee5 \u1edf \u0111\u00e2y d\u01b0\u1eddng nh\u01b0 ch\u1ec9 s\u1ed1ng nh\u1edd v\u00e0o tr\u1eddi v\u00e0 \u0111\u1ea5t h\u1ea7u nh\u01b0 kh\u00f4ng c\u00f3 s\u1ef1 can thi\u1ec7p c\u1ee7a con ng\u01b0\u1eddi. Kh\u00ed h\u1eadu quanh n\u0103m m\u00e1t m\u1ebb, s\u01b0\u01a1ng m\u00f9 bao ph\u1ee7, ngu\u1ed3n n\u01b0\u1edbc tinh khi\u1ebft, c\u00f9ng v\u1edbi l\u01b0\u1ee3ng ch\u1ea5t m\u00f9n d\u1ed3i d\u00e0o t\u1eeb c\u00e1c c\u00e2y r\u1eebng r\u1ee5ng xu\u1ed1ng \u0111\u00e3 nu\u00f4i d\u01b0\u1ee1ng c\u00e2y tr\u00e0 ph\u00e1t tri\u1ec3n tr\u01b0\u1eddng t\u1ed3n trong su\u1ed1t h\u00e0ng tr\u0103m n\u0103m qua. Tr\u00e0 Shan tuy\u1ebft c\u1ed5 th\u1ee5 l\u00e0 ngu\u1ed3n \u0111\u1eb7c s\u1ea3n qu\u00fd c\u1ee7a Ho\u00e0ng Su Ph\u00ec m\u00e0 hi\u1ebfm n\u01a1i n\u00e0o c\u00f3 \u0111\u01b0\u1ee3c, \u0111\u00e3 nu\u00f4i s\u1ed1ng bi\u1ebft bao th\u1ebf h\u1ec7 b\u00e0 con \u0111\u1ed3ng b\u00e0o d\u00e2n t\u1ed9c Dao n\u01a1i \u0111\u00e2y.<\/p>\n<p>T\u00ean g\u1ecdi Tr\u00e0 SHAN TUY\u1ebeT \u2013 b\u1edfi b\u00fap tr\u00e0 \u0111\u01b0\u1ee3c ph\u1ee7 l\u1edbp l\u00f4ng t\u01a1 m\u1ecbn nh\u01b0 nhung tr\u1eafng nh\u01b0 tuy\u1ebft v\u00e0 \u0111\u01b0\u1ee3c sinh tr\u01b0\u1edfng ph\u00e1t tri\u1ec3n \u1edf v\u00f9ng n\u00fai cao s\u01b0\u01a1ng m\u00f9\u00a0 \u2013 tr\u00e0 c\u00e0ng \u1edf v\u00f9ng n\u00fai cao, kh\u00ed h\u1eadu kh\u1eafc nghi\u1ec7t, v\u00e0 t\u1eeb nh\u1eefng c\u00e2y tr\u00e0 c\u1ed5 &#8211; tr\u00e0 c\u00e0ng qu\u00fd c\u00e0ng ngon.<\/p>\n<p>Vherbs l\u00e0 Th\u00e0nh vi\u00ean Ban Qu\u1ea3n Tr\u1ecb H\u1ee3p t\u00e1c x\u00e3 Tr\u00e0 Finho v\u1edbi tr\u00ean 500 ha tr\u00e0 H\u1eefu c\u01a1 TCVN, trong \u0111\u00f3 150 ha tr\u00e0, \u0111\u01b0\u1ee3c t\u1ed5 ch\u1ee9c CONTROL UNION, Tr\u1ee5 s\u1edf ch\u00ednh t\u1ea1i H\u00e0 Lan c\u1ea5p ch\u1ee9ng nh\u1eadn H\u1eeeU C\u01a0 \u2013 EU ORGANIC t\u1eeb n\u00f4ng tr\u1ea1i \u0111\u1ebfn qu\u00e1 tr\u00ecnh thu h\u00e1i, s\u1ea3n xu\u1ea5t, b\u1ea3o qu\u1ea3n c\u00e1c l\u1ecdai tr\u00e0 xanh, tr\u00e0 \u0111en, tr\u00e0 h\u1ed3ng<\/p>\n<p>Ch\u1ee9ng nh\u1eadn C\u00d4NG B\u1eb0NG TH\u01af\u01a0NG M\u1ea0I \u2013 FAIR TRADE do t\u1ed5 ch\u1ee9c FLOCERT- Germany c\u1ea5p. Th\u1ef1c h\u00e0nh s\u1ef1 minh b\u1ea1ch v\u00e0 c\u00f4ng b\u1eb1ng trong su\u1ed1t chu\u1ed7i gi\u00e1 tr\u1ecb.<\/p>\n<p>\u0110\u1ea3m b\u1ea3o r\u1eb1ng khi b\u1ea1n l\u1ef1a ch\u1ecdn tr\u00e0 Organic Shan tuy\u1ebft c\u1ed5 th\u1ee5 Vherbs l\u00e0 s\u1ea3n ph\u1ea9m \u0111\u1eb7c h\u1eefu qu\u00fd hi\u1ebfm h\u01b0\u01a1ng v\u1ecb th\u01a1m ngon, an to\u00e0n ch\u1ea5t l\u01b0\u1ee3ng \u0111\u1ed3ng th\u1eddi t\u1ea1o cho ng\u01b0\u1eddi b\u1ea3n \u0111\u1ecba c\u00f3 th\u1ec3 s\u1ed1ng t\u1ed1t v\u1edbi ng\u00e0nh ngh\u1ec1 truy\u1ec1n th\u1ed1ng, b\u1ea3o t\u1ed3n thi\u00ean nhi\u00ean, ph\u00e1t tri\u1ec3n b\u1ec1n v\u1eefng<\/p>\n<p>Nh\u1eefng b\u00fap tr\u00e0 thu h\u00e1i v\u1ec1, v\u1edbi quy tr\u00ecnh ch\u1ebf bi\u1ebfn kh\u00e1c nhau, s\u1ebd t\u1ea1o ra nh\u1eefng lo\u1ea1i tr\u00e0 kh\u00e1c nhau: <strong><em>Tr\u00e0 xanh, tr\u00e0 \u0111en, tr\u00e0 h\u1ed3ng <\/em><\/strong>truy\u1ec1n th\u1ed1ng<\/p>\n<p><strong><em><u>Tr\u00e0 \u0111en<\/u><\/em><\/strong><\/p>\n<p>\u0110\u00f3 l\u00e0 qu\u00e1 tr\u00ecnh l\u00e0m h\u00e9o, v\u00f2 tr\u00e0, l\u00ean men, sao s\u1ea5y. Qu\u00e1 tr\u00ecnh l\u00ean men r\u1ea5t quan tr\u1ecdng, \u1ea3nh h\u01b0\u1edfng \u0111\u1ebfn ch\u1ea5t l\u01b0\u1ee3ng c\u1ee7a tr\u00e0 th\u00e0nh ph\u1ea9m. Ph\u00f2ng ch\u1ebf bi\u1ebfn ph\u1ea3i \u0111\u1ea3m b\u1ea3o \u0111\u1ed9 \u1ea9m, nhi\u1ec7t \u0111\u1ed9, kh\u00f4ng kh\u00ed tho\u00e1ng m\u00e1t \u0111\u1ec3 cung c\u1ea5p \u0111\u1ee7 l\u01b0\u1ee3ng oxy cho men ph\u00e1t tri\u1ec3n t\u1ed1t.<\/p>\n<p>Tr\u00e0 c\u00f3 h\u01b0\u01a1ng th\u01a1m c\u1ee7a t\u00e1o ch\u00edn, v\u1ecb ng\u1ecdt h\u1eadu. M\u00e0u n\u01b0\u1edbc \u0111\u1ecf \u00e1nh \u0111\u1ed3ng s\u00f3ng s\u00e1nh<\/p>\n<p>H\u00e0m l\u01b0\u1ee3ng caffeine trong tr\u00e0 shan tuy\u1ebft th\u1ea5p, kh\u00f4ng g\u00e2y m\u1ea5t ng\u1ee7 nh\u01b0 c\u00e1c lo\u1ea1i tr\u00e0 kh\u00e1c<\/p>\n<p>V\u1edbi th\u00e0nh ph\u1ea7n ch\u00ednh l\u00e0 Tr\u00e0 \u0111en organic shan tuy\u1ebft c\u1ed5 th\u1ee5 c\u00f3 kh\u1ea3 n\u0103ng ph\u00f2ng ng\u1eeba v\u00e0 h\u1ed7 tr\u1ee3 c\u1ea3i thi\u1ec7n c\u00e1c b\u1ec7nh m\u1ea1n t\u00ednh (tim m\u1ea1ch, \u0111\u00e1i th\u00e1o \u0111\u01b0\u1eddng, r\u1ed1i lo\u1ea1n m\u1ee1 m\u00e1u, b\u00e9o ph\u00ec, lo\u00e3ng x\u01b0\u01a1ng\u2026)<\/p>\n<p><strong>Cam <\/strong>l\u00e0 ngu\u1ed3n cung c\u1ea5p <a href=\"https:\/\/vi.wikipedia.org\/wiki\/Vitamin_C\" target=\"_blank\" rel=\"noopener\">vitamin C<\/a>, A, \u0111\u01b0\u1eddng, kho\u00e1ng ch\u1ea5t (Ca, K, Mg, Na), flavonoid, carotenoid\u2026 Nh\u1edd v\u1eady m\u00e0 lo\u1ea1i qu\u1ea3 n\u00e0y c\u00f3 kh\u1ea3 n\u0103ng ch\u1ed1ng oxy h\u00f3a, kh\u00e1ng khu\u1ea9n, kh\u00e1ng n\u1ea5m, kh\u00e1ng k\u00fd sinh tr\u00f9ng, gi\u1ea3m m\u1ee1 m\u00e1u (cholesterol, trighycerid, LDL), gi\u1ea3m c\u00e2n, gi\u1ea3m nguy c\u01a1 tim m\u1ea1ch<\/p>\n<p><strong>Qu\u1ebf\u00a0 <\/strong>c\u00f3 v\u1ecb cay, m\u00f9i th\u01a1m n\u1ed3ng \u1ea5m,\u00a0 k\u00edch th\u00edch tu\u1ea7n ho\u00e0n m\u00e1u (l\u01b0u th\u00f4ng huy\u1ebft), t\u0103ng c\u01b0\u1eddng h\u00f4 h\u1ea5p. gi\u1ea3m t\u00ea m\u1ecfi<\/p>\n<p>H\u01b0\u01a1ng th\u01a1m c\u1ee7a tinh d\u1ea7u trong cam s\u1ea5y v\u00e0 n\u1ed3ng \u1ea5m c\u1ee7a qu\u1ebf th\u00eam ch\u00fat m\u1eadt ong l\u00e0 th\u1ee9c u\u1ed1ng tuy\u1ec7t v\u1eddi cho nh\u1eefng ng\u00e0y tr\u1eddi se l\u1ea1nh. Tr\u00e0 \u0111en cam qu\u1ebf gi\u00e0u kho\u00e1ng ch\u1ea5t, gi\u00fap b\u1ea1n<\/p>\n<ul>\n<li>T\u0103ng c\u01b0\u1eddng h\u1ec7 mi\u1ec5n d\u1ecbch<\/li>\n<li>ph\u00f2ng ng\u1eeba c\u00e1c b\u1ec7nh c\u1ea3m c\u00fam, nh\u1ee9c m\u1ecfi m\u00f9a l\u1ea1nh<\/li>\n<li>Ch\u1ed1ng oxy h\u00f3a<\/li>\n<li>Gi\u1ea3m Cholestrol, t\u0103ng c\u01b0\u1eddng s\u1ee9c kh\u1ecfe tim m\u1ea1ch<\/li>\n<li>C\u1ea3i thi\u1ec7n s\u1ee9c kh\u1ecfe \u0111\u01b0\u1eddng ru\u1ed9t<\/li>\n<li>Gi\u1ea3m nguy c\u01a1 ung th\u01b0<\/li>\n<\/ul>\n<p>&nbsp;<\/p>\n<p>&nbsp;<\/p>\n","protected":false},"excerpt":{"rendered":"<p>Sumptuous, filling, and temptingly healthy, our Biona Organic Granola with Wild Berries is just the thing to get you out of bed. The goodness of rolled wholegrain oats are combined<\/p>\n","protected":false},"featured_media":4279,"comment_status":"open","ping_status":"closed","template":"","meta":[],"product_brand":[],"product_cat":[47],"product_tag":[67,71],"class_list":{"0":"post-1702","1":"product","2":"type-product","3":"status-publish","4":"has-post-thumbnail","6":"product_cat-tra-huu-co-shan-tuyet-co-thu","7":"product_tag-fresh","8":"product_tag-vegetable","10":"first","11":"instock","12":"taxable","13":"shipping-taxable","14":"product-type-simple"},"_links":{"self":[{"href":"https:\/\/vherbs.vn\/en\/wp-json\/wp\/v2\/product\/1702","targetHints":{"allow":["GET"]}}],"collection":[{"href":"https:\/\/vherbs.vn\/en\/wp-json\/wp\/v2\/product"}],"about":[{"href":"https:\/\/vherbs.vn\/en\/wp-json\/wp\/v2\/types\/product"}],"replies":[{"embeddable":true,"href":"https:\/\/vherbs.vn\/en\/wp-json\/wp\/v2\/comments?post=1702"}],"wp:featuredmedia":[{"embeddable":true,"href":"https:\/\/vherbs.vn\/en\/wp-json\/wp\/v2\/media\/4279"}],"wp:attachment":[{"href":"https:\/\/vherbs.vn\/en\/wp-json\/wp\/v2\/media?parent=1702"}],"wp:term":[{"taxonomy":"product_brand","embeddable":true,"href":"https:\/\/vherbs.vn\/en\/wp-json\/wp\/v2\/product_brand?post=1702"},{"taxonomy":"product_cat","embeddable":true,"href":"https:\/\/vherbs.vn\/en\/wp-json\/wp\/v2\/product_cat?post=1702"},{"taxonomy":"product_tag","embeddable":true,"href":"https:\/\/vherbs.vn\/en\/wp-json\/wp\/v2\/product_tag?post=1702"}],"curies":[{"name":"wp","href":"https:\/\/api.w.org\/{rel}","templated":true}]}}