{"id":2048,"date":"2021-11-16T09:53:17","date_gmt":"2021-11-16T09:53:17","guid":{"rendered":"https:\/\/vherbs.vn\/product\/tangerine-orange-copy\/"},"modified":"2025-12-02T14:28:04","modified_gmt":"2025-12-02T14:28:04","slug":"tra-xanh-huu-co-shan-tuyet-co-thu","status":"publish","type":"product","link":"https:\/\/vherbs.vn\/en\/san-pham\/tra-xanh-huu-co-shan-tuyet-co-thu\/","title":{"rendered":"Tr\u00e0 Xanh H\u1eefu C\u01a1 Shan Tuy\u1ebft C\u1ed5 Th\u1ee5"},"content":{"rendered":"<p><strong>TR\u00c0 XANH H\u1eeeU C\u01a0 SHAN TUY\u1ebeT C\u1ed4 TH\u1ee4 <\/strong><\/p>\n<ol>\n<li><strong>Th\u00e0nh ph\u1ea7n:<\/strong> 100% b\u00fap tr\u00e0 xanh shan tuy\u1ebft c\u1ed5 th\u1ee5 h\u1eefu c\u01a1<\/li>\n<\/ol>\n<ol>\n<li><strong>Kh\u1ed1i l\u01b0\u1ee3ng t\u1ecbnh<\/strong>\u00a0 7 g x 7 t\u00fai\u00a0 ( 49 g)<\/li>\n<li><strong>H\u01b0\u1edbng d\u1eabn pha tr\u00e0<\/strong>:<\/li>\n<\/ol>\n<ul>\n<li>Tr\u00e1ng \u1ea5m d\u1ee5ng c\u1ee5 pha tr\u00e0 b\u1eb1ng n\u01b0\u1edbc s\u00f4i<\/li>\n<li>Cho 1 t\u00fai tr\u00e0 v\u00e0o \u1ea5m ( d\u00f9ng \u1ea5m s\u00e0nh ho\u1eb7c s\u1ee9, h\u01b0\u01a1ng v\u1ecb tr\u00e0 s\u1ebd ngon h\u01a1n), \u0111\u1ed5 n\u01b0\u1edbc s\u00f4i ng\u1eadp tr\u00e0. Xoay \u1ea5m m\u1ed9t v\u00f2ng r\u1ed3i g\u1ea1n b\u1ecf n\u01b0\u1edbc . B\u01b0\u1edbc n\u00e0y \u0111\u1ec3 \u0111\u00e1nh th\u1ee9c h\u01b0\u01a1ng tr\u00e0<\/li>\n<li>Pha tr\u00e0: ch\u00e2m n\u01b0\u1edbc s\u00f4i v\u1edbi t\u1ec9 l\u1ec7 1 tr\u00e0 \u2013 2,5 n\u01b0\u1edbc (m\u1ed9t g\u00f3i v\u1eeba \u0111\u1ee7 pha 1 \u1ea5m tr\u00e0cho 6 ng\u01b0\u1eddi d\u00f9ng), \u0111\u1eady n\u1eafp b\u00ecnh. Ch\u1edd kho\u1ea3ng 1 ph\u00fat<\/li>\n<li>R\u00f3t tr\u00e0 sang ch\u00e9n t\u1ed1ng ho\u1eb7c r\u00f3t xoay v\u00f2ng \u0111\u1ec1u cho t\u1ea5t c\u1ea3 c\u00e1c ly. Th\u01b0\u1edfng th\u1ee9c n\u01b0\u1edbc 1, g\u1ecdi l\u00e0 n\u01b0\u1edbc h\u01b0\u01a1ng.<\/li>\n<li>N\u01b0\u1edbc 2 l\u00e0 n\u01b0\u1edbc c\u00f3 v\u1ecb ngon nh\u1ea5t . C\u00f3 th\u1ec3 pha \u0111\u01b0\u1ee3c t\u1eeb 3-5 l\u1ea7n n\u01b0\u1edbc.<\/li>\n<li>Tr\u00e0 c\u00f3 m\u00e0u n\u01b0\u1edbc xanh \u00e1nh v\u00e0ng, h\u01b0\u01a1ng th\u01a1m t\u1ef1 nhi\u00ean, v\u1ecb ch\u00e1t nh\u1eb9 ng\u1ecdt h\u1eadu<\/li>\n<\/ul>\n<ol start=\"4\">\n<li><strong>B\u1ea3o qu\u1ea3n: <\/strong>N\u01a1i kh\u00f4 r\u00e1o, tho\u00e1ng m\u00e1t. Tr\u00e1nh \u00e1nh s\u00e1ng tr\u1ef1c ti\u1ebfp<\/li>\n<\/ol>\n<p>&nbsp;<\/p>\n<p>Tr\u00e0 Shan tuy\u1ebft c\u1ed5 th\u1ee5 Vherbs, thu\u1ed9c v\u00f9ng tr\u00e0 c\u1ed5 t\u1ef1 nhi\u00ean h\u00e0ng tr\u0103m n\u0103m tu\u1ed5i tr\u00ean v\u00f9ng n\u00fai cao\u00a0 1300 \u2013 1900 m thu\u1ed9c\u00a0 huy\u1ec7n Ho\u00e0ng Su Ph\u00ec, t\u1ec9nh\u00a0 H\u00e0 Giang.<\/p>\n<p>Theo nh\u1eefng ng\u01b0\u1eddi gi\u00e0 trong b\u1ea3n, nh\u1eefng c\u00e2y tr\u00e0 c\u00f3 tu\u1ed5i \u0111\u1eddi h\u00e0ng tr\u0103m n\u0103m do nhi\u1ec1u th\u1ebf h\u1ec7 t\u1eeb xa x\u01b0a \u0111\u1ec3 l\u1ea1i. Nh\u1eefng c\u00e2y tr\u00e0 c\u1ed5 th\u1ee5 \u1edf \u0111\u00e2y d\u01b0\u1eddng nh\u01b0 ch\u1ec9 s\u1ed1ng nh\u1edd v\u00e0o tr\u1eddi v\u00e0 \u0111\u1ea5t h\u1ea7u nh\u01b0 kh\u00f4ng c\u00f3 s\u1ef1 can thi\u1ec7p c\u1ee7a con ng\u01b0\u1eddi. Kh\u00ed h\u1eadu quanh n\u0103m m\u00e1t m\u1ebb, s\u01b0\u01a1ng m\u00f9 bao ph\u1ee7, ngu\u1ed3n n\u01b0\u1edbc tinh khi\u1ebft, c\u00f9ng v\u1edbi l\u01b0\u1ee3ng ch\u1ea5t m\u00f9n d\u1ed3i d\u00e0o t\u1eeb c\u00e1c c\u00e2y r\u1eebng r\u1ee5ng xu\u1ed1ng \u0111\u00e3 nu\u00f4i d\u01b0\u1ee1ng c\u00e2y tr\u00e0 ph\u00e1t tri\u1ec3n tr\u01b0\u1eddng t\u1ed3n trong su\u1ed1t h\u00e0ng tr\u0103m n\u0103m qua. Tr\u00e0 Shan tuy\u1ebft c\u1ed5 th\u1ee5 l\u00e0 ngu\u1ed3n \u0111\u1eb7c s\u1ea3n qu\u00fd c\u1ee7a Ho\u00e0ng Su Ph\u00ec m\u00e0 hi\u1ebfm n\u01a1i n\u00e0o c\u00f3 \u0111\u01b0\u1ee3c, \u0111\u00e3 nu\u00f4i s\u1ed1ng bi\u1ebft bao th\u1ebf h\u1ec7 b\u00e0 con \u0111\u1ed3ng b\u00e0o d\u00e2n t\u1ed9c Dao n\u01a1i \u0111\u00e2y.<\/p>\n<p>T\u00ean g\u1ecdi Tr\u00e0 SHAN TUY\u1ebeT \u2013 b\u1edfi b\u00fap tr\u00e0 \u0111\u01b0\u1ee3c ph\u1ee7 l\u1edbp l\u00f4ng t\u01a1 m\u1ecbn nh\u01b0 nhung tr\u1eafng nh\u01b0 tuy\u1ebft v\u00e0 \u0111\u01b0\u1ee3c sinh tr\u01b0\u1edfng ph\u00e1t tri\u1ec3n \u1edf v\u00f9ng n\u00fai cao s\u01b0\u01a1ng m\u00f9\u00a0 \u2013 tr\u00e0 c\u00e0ng \u1edf v\u00f9ng n\u00fai cao, kh\u00ed h\u1eadu kh\u1eafc nghi\u1ec7t, v\u00e0 t\u1eeb nh\u1eefng c\u00e2y tr\u00e0 c\u1ed5 &#8211; tr\u00e0 c\u00e0ng qu\u00fd c\u00e0ng ngon.<\/p>\n<p>Vherbs l\u00e0 Th\u00e0nh vi\u00ean Ban Qu\u1ea3n Tr\u1ecb H\u1ee3p t\u00e1c x\u00e3 Tr\u00e0 Finho v\u1edbi tr\u00ean 500 ha tr\u00e0 H\u1eefu c\u01a1 TCVN, trong \u0111\u00f3 150 ha tr\u00e0, \u0111\u01b0\u1ee3c t\u1ed5 ch\u1ee9c CONTROL UNION, Tr\u1ee5 s\u1edf ch\u00ednh t\u1ea1i H\u00e0 Lan c\u1ea5p ch\u1ee9ng nh\u1eadn H\u1eeeU C\u01a0 \u2013 EU ORGANIC t\u1eeb n\u00f4ng tr\u1ea1i \u0111\u1ebfn qu\u00e1 tr\u00ecnh thu h\u00e1i, s\u1ea3n xu\u1ea5t, b\u1ea3o qu\u1ea3n c\u00e1c l\u1ecdai tr\u00e0 xanh, tr\u00e0 \u0111en, tr\u00e0 h\u1ed3ng<\/p>\n<p>Ch\u1ee9ng nh\u1eadn C\u00d4NG B\u1eb0NG TH\u01af\u01a0NG M\u1ea0I \u2013 FAIR TRADE do t\u1ed5 ch\u1ee9c FLOCERT- Germany c\u1ea5p. Th\u1ef1c h\u00e0nh s\u1ef1 minh b\u1ea1ch v\u00e0 c\u00f4ng b\u1eb1ng trong su\u1ed1t chu\u1ed7i gi\u00e1 tr\u1ecb.<\/p>\n<p>\u0110\u1ea3m b\u1ea3o r\u1eb1ng khi b\u1ea1n l\u1ef1a ch\u1ecdn tr\u00e0 Organic Shan tuy\u1ebft c\u1ed5 th\u1ee5 Vherbs l\u00e0 s\u1ea3n ph\u1ea9m \u0111\u1eb7c h\u1eefu qu\u00fd hi\u1ebfm h\u01b0\u01a1ng v\u1ecb th\u01a1m ngon, an to\u00e0n ch\u1ea5t l\u01b0\u1ee3ng \u0111\u1ed3ng th\u1eddi t\u1ea1o cho ng\u01b0\u1eddi b\u1ea3n \u0111\u1ecba c\u00f3 th\u1ec3 s\u1ed1ng t\u1ed1t v\u1edbi ng\u00e0nh ngh\u1ec1 truy\u1ec1n th\u1ed1ng, b\u1ea3o t\u1ed3n thi\u00ean nhi\u00ean, ph\u00e1t tri\u1ec3n b\u1ec1n v\u1eefng<\/p>\n<p>Nh\u1eefng b\u00fap tr\u00e0 thu h\u00e1i v\u1ec1, v\u1edbi quy tr\u00ecnh ch\u1ebf bi\u1ebfn kh\u00e1c nhau, s\u1ebd t\u1ea1o ra nh\u1eefng lo\u1ea1i tr\u00e0 kh\u00e1c nhau: <strong><em>Tr\u00e0 xanh, tr\u00e0 \u0111en, tr\u00e0 h\u1ed3ng <\/em><\/strong>truy\u1ec1n th\u1ed1ng<\/p>\n<p><strong><em><u>Tr\u00e0 xanh<\/u><\/em><\/strong> : Tr\u00e0 xanh s\u1ea3n xu\u1ea5t theo ph\u01b0\u01a1ng ph\u00e1p truy\u1ec1n\u00a0 th\u1ed1ng c\u1ee7a \u0111\u1ed3ng b\u00e0o Dao \u0110\u1ecf. \u0110\u00f3 l\u00e0 qu\u00e1 tr\u00ecnh l\u00e0m h\u00e9o, l\u00ean h\u01b0\u01a1ng, di\u1ec7t men, sao, s\u1ea5y \u2026\u00a0 \u0111\u1ec3 t\u1ea1o ra lo\u1ea1i tr\u00e0 truy\u1ec1n th\u1ed1ng.<\/p>\n<p>Tr\u00e0 c\u00f3 m\u00e0u n\u01b0\u1edbc xanh \u00f3ng \u00e1nh \u00e1nh v\u00e0ng nh\u01b0 m\u1eadt ong , ph\u1ea3ng ph\u1ea5t h\u01b0\u01a1ng th\u01a1m c\u1ee7a n\u00fai r\u1eebng T\u00e2y B\u1eafc, v\u1ecb thanh, ng\u1ecdt h\u1eadu gi\u1eef l\u00e2u trong c\u1ed5 h\u1ecdng<\/p>\n<p>H\u00e0m l\u01b0\u1ee3ng caffeine trong tr\u00e0 th\u1ea5p kh\u00f4ng g\u00e2y m\u1ea5t ng\u1ee7 nh\u01b0 c\u00e1c lo\u1ea1i tr\u00e0 xanh kh\u00e1c<\/p>\n<p><strong>U\u1ed1ng tr\u00e0 xanh h\u00e0ng ng\u00e0y gi\u00fap: <\/strong><\/p>\n<ul>\n<li>Tinh th\u1ea7n s\u1ea3ng kho\u00e1i, gi\u1ea3m tr\u1eeb m\u1ec7t m\u1ecfi<\/li>\n<li>T\u0103ng \u0111\u1ed9 t\u1eadp trung l\u00e0m vi\u1ec7c, h\u1ecdc t\u1eadp<\/li>\n<li>Ch\u1eadm l\u00e3o h\u00f3a<\/li>\n<li>Ng\u0103n ng\u1eeba ung th\u01b0<\/li>\n<li>Gi\u1ea3m nguy c\u01a1 c\u00e1c b\u1ec7nh m\u1ea1n t\u00ednh nh\u01b0 tim m\u1ea1ch, \u0111\u00e1i th\u00e1o \u0111\u01b0\u1eddng, r\u1ed1i lo\u1ea1n m\u1ee1 m\u00e1u, b\u00e9o ph\u00ec<\/li>\n<\/ul>\n<p>&nbsp;<\/p>\n<p>&nbsp;<\/p>\n<p>&nbsp;<\/p>\n","protected":false},"excerpt":{"rendered":"<p>Sumptuous, filling, and temptingly healthy, our Biona Organic Granola with Wild Berries is just the thing to get you out of bed. The goodness of rolled wholegrain oats are combined<\/p>\n","protected":false},"featured_media":4291,"comment_status":"open","ping_status":"closed","template":"","meta":[],"product_brand":[],"product_cat":[47],"product_tag":[67,78],"class_list":{"0":"post-2048","1":"product","2":"type-product","3":"status-publish","4":"has-post-thumbnail","6":"product_cat-tra-huu-co-shan-tuyet-co-thu","7":"product_tag-fresh","8":"product_tag-orange","10":"first","11":"instock","12":"taxable","13":"shipping-taxable","14":"product-type-simple"},"_links":{"self":[{"href":"https:\/\/vherbs.vn\/en\/wp-json\/wp\/v2\/product\/2048","targetHints":{"allow":["GET"]}}],"collection":[{"href":"https:\/\/vherbs.vn\/en\/wp-json\/wp\/v2\/product"}],"about":[{"href":"https:\/\/vherbs.vn\/en\/wp-json\/wp\/v2\/types\/product"}],"replies":[{"embeddable":true,"href":"https:\/\/vherbs.vn\/en\/wp-json\/wp\/v2\/comments?post=2048"}],"wp:featuredmedia":[{"embeddable":true,"href":"https:\/\/vherbs.vn\/en\/wp-json\/wp\/v2\/media\/4291"}],"wp:attachment":[{"href":"https:\/\/vherbs.vn\/en\/wp-json\/wp\/v2\/media?parent=2048"}],"wp:term":[{"taxonomy":"product_brand","embeddable":true,"href":"https:\/\/vherbs.vn\/en\/wp-json\/wp\/v2\/product_brand?post=2048"},{"taxonomy":"product_cat","embeddable":true,"href":"https:\/\/vherbs.vn\/en\/wp-json\/wp\/v2\/product_cat?post=2048"},{"taxonomy":"product_tag","embeddable":true,"href":"https:\/\/vherbs.vn\/en\/wp-json\/wp\/v2\/product_tag?post=2048"}],"curies":[{"name":"wp","href":"https:\/\/api.w.org\/{rel}","templated":true}]}}