{"id":2953,"date":"2021-12-17T09:36:49","date_gmt":"2021-12-17T09:36:49","guid":{"rendered":"https:\/\/vherbs.vn\/product\/fresh-maltas-copy-copy\/"},"modified":"2025-12-02T14:22:53","modified_gmt":"2025-12-02T14:22:53","slug":"tra-olong-sua-thom-hao-hang","status":"publish","type":"product","link":"https:\/\/vherbs.vn\/en\/san-pham\/tra-olong-sua-thom-hao-hang\/","title":{"rendered":"Tr\u00e0 Olong S\u1eefa Th\u01a1m H\u1ea3o H\u1ea1ng"},"content":{"rendered":"<p><strong>TR\u00c0 H\u1eeeU C\u01a0 \u00d4LONG S\u1eeeA TH\u01a0M<\/strong><\/p>\n<p><strong>\u00a0<\/strong><\/p>\n<p><strong>1\/ Th\u00e0nh ph\u1ea7n<\/strong>: 100% B\u00fap tr\u00e0 olong cao c\u1ea5p<\/p>\n<p>2\/ <strong>Kh\u1ed1i l\u01b0\u1ee3ng t\u1ecbnh<\/strong>:\u00a0 7g x 12 g\u00f3i<\/p>\n<p><strong>2\/ H\u01b0\u1edbng d\u1eabn pha tr\u00e0<\/strong>:<\/p>\n<ul>\n<li>Tr\u00e1ng \u1ea5m d\u1ee5ng c\u1ee5 pha tr\u00e0 b\u1eb1ng n\u01b0\u1edbc s\u00f4i<\/li>\n<li>Cho 1 t\u00fai tr\u00e0 v\u00e0o \u1ea5m ( d\u00f9ng \u1ea5m s\u00e0nh ho\u1eb7c s\u1ee9, h\u01b0\u01a1ng v\u1ecb tr\u00e0 s\u1ebd ngon h\u01a1n), \u0111\u1ed5 n\u01b0\u1edbc s\u00f4i ng\u1eadp tr\u00e0. Xoay \u1ea5m m\u1ed9t v\u00f2ng r\u1ed3i g\u1ea1n b\u1ecf n\u01b0\u1edbc. B\u01b0\u1edbc n\u00e0y \u0111\u1ec3 \u0111\u00e1nh th\u1ee9c h\u01b0\u01a1ng tr\u00e0<\/li>\n<li>Pha tr\u00e0: ch\u00e2m n\u01b0\u1edbc s\u00f4i v\u1edbi t\u1ec9 l\u1ec7 1 tr\u00e0 \u2013 2 n\u01b0\u1edbc, \u0111\u1eady k\u00edn b\u00ecnh, m\u1ed9t t\u00fai v\u1eeba \u0111\u1ee7 pha 1 \u1ea5m tr\u00e0 Ch\u1edd kho\u1ea3ng 1 ph\u00fat<\/li>\n<li>R\u00f3t tr\u00e0 sang ch\u00e9n t\u1ed1ng ho\u1eb7c r\u00f3t xoay v\u00f2ng \u0111\u1ec1u cho t\u1ea5t c\u1ea3 c\u00e1c ly. Th\u01b0\u1edfng th\u1ee9c n\u01b0\u1edbc 1, g\u1ecdi l\u00e0 n\u01b0\u1edbc h\u01b0\u01a1ng.<\/li>\n<li>N\u01b0\u1edbc 2 l\u00e0 n\u01b0\u1edbc ngon nh\u1ea5t . C\u00f3 th\u1ec3 pha \u0111\u01b0\u1ee3c t\u1eeb 3-5 l\u1ea7n n\u01b0\u1edbc.<\/li>\n<\/ul>\n<p><strong>3\/ B\u1ea3o qu\u1ea3n<\/strong>: n\u01a1i tho\u00e1ng m\u00e1t, tr\u00e0nh \u00e1nh n\u1eafng tr\u1ef1c ti\u1ebfp<\/p>\n<p>&nbsp;<\/p>\n<p>Tr\u00e0 \u00d4 Long s\u1eefa \u0111\u01b0\u1ee3c l\u00e0m t\u1eeb \u0111\u1ecdt tr\u00e0 Kim Tuy\u00ean v\u1edbi m\u1ed9t t\u00f4m v\u00e0 2, l\u00e1 non.<\/p>\n<p>Tr\u00e0 tr\u1ed3ng t\u1ea1i v\u00f9ng nguy\u00ean li\u1ec7u t\u1ed1t nh\u1ea5t t\u1ec9nh L\u00e2m \u0110\u1ed3ng, v\u1edbi \u0111\u1ed9 cao 1.200m so v\u1edbi m\u1ef1c n\u01b0\u1edbc bi\u1ec3n. Kh\u00ed h\u1eadu m\u00e1t m\u1ebb quanh n\u0103m, n\u1eafng \u1ea5m trung b\u00ecnh l\u00e0m cho tr\u00e0 c\u00f3 l\u00e1 d\u00e0y, ch\u1ed3i m\u1ec1m, h\u01b0\u01a1ng th\u01a1m tinh t\u1ebf. C\u00e2y tr\u00e0 \u0111\u01b0\u1ee3c ch\u0103m b\u00f3n ho\u00e0n to\u00e0n b\u1eb1ng ph\u00e2n h\u1eefu c\u01a1 v\u00e0 \u0111\u00e2u n\u00e0nh. S\u1eefa \u0111\u1eadu n\u00e0nh, m\u1ed9t m\u1eb7t \u0111\u1ec3 t\u01b0\u1edbi tr\u1ef1c ti\u1ebfp l\u00ean b\u00fap tr\u00e0, m\u1eb7t kh\u00e1c t\u01b0\u1edbi v\u00e0o g\u1ed1c tr\u00e0 \u0111\u1ec3 c\u1ed1 \u0111\u1ecbnh \u0111\u1ea1m. \u0110\u1eb7c bi\u1ec7t, c\u00f4ng \u0111o\u1ea1n s\u1ea5y th\u00e0nh ph\u1ea9m canh ch\u1ec9nh nhi\u1ec7t \u0111\u1ed9 th\u00edch h\u1ee3p \u0111\u1ec3 \u0111\u00e1nh th\u1ee9c m\u00f9i h\u01b0\u01a1ng s\u1eefa ng\u1ecdt ng\u00e0o c\u1ee7a Tr\u00e0<\/p>\n<p>Tr\u00e0 \u00d4 Long s\u1eefa c\u00f3 ngo\u1ea1i h\u00ecnh vi\u00ean tr\u00f2n \u0111\u1ec1u, m\u00e0u xanh \u0111\u1eadm \u00f3ng \u00e1nh \u0111\u1eb9p m\u1eaft.<\/p>\n<p>N\u01b0\u1edbc tr\u00e0 pha c\u00f3 m\u00e0u xanh v\u00e0ng kim, s\u00e1ng trong, h\u01b0\u01a1ng th\u01a1m quy\u1ebfn r\u0169 \u0111\u1ed9c \u0111\u00e1o .<\/p>\n<p>Tr\u00e0 c\u00f3 v\u1ecb ch\u00e1t nh\u1eb9 nh\u00e0ng v\u00e0 h\u1eadu ng\u1ecdt tinh t\u1ebf.<\/p>\n<p><strong>Tr\u00e0 olong s\u1eefa th\u01a1m<\/strong> ho\u00e0n th\u00e0nh to\u00e0n b\u1ed9 quy tr\u00ecnh tr\u1ed3ng ti\u00eau chu\u1ea9n h\u1eefu c\u01a1\u00a0 c\u1ee7a \u00c2u ch\u00e2u.<\/p>\n<p>U\u1ed1ng tr\u00e0 Olong h\u00e0ng ng\u00e0y gi\u00fap:<\/p>\n<ul>\n<li>C\u1ea3i thi\u1ec7n s\u1ee9c kh\u1ecfe tim m\u1ea1ch<\/li>\n<li>Ng\u0103n ng\u1eeba m\u1ed9t s\u1ed1 b\u1ec7nh ung th\u01b0<\/li>\n<li>T\u0103ng c\u01b0\u1eddng s\u1ee9c kh\u1ecfe rang mi\u1ec7ng, ch\u1eafc x\u01b0\u01a1ng<\/li>\n<\/ul>\n<p>&nbsp;<\/p>\n","protected":false},"excerpt":{"rendered":"<p>Tr\u00e0 tr\u1ed3ng t\u1ea1i v\u00f9ng nguy\u00ean li\u1ec7u t\u1ed1t nh\u1ea5t t\u1ec9nh L\u00e2m \u0110\u1ed3ng, v\u1edbi \u0111\u1ed9 cao 1.200m so v\u1edbi m\u1ef1c n\u01b0\u1edbc bi\u1ec3n. Kh\u00ed h\u1eadu m\u00e1t m\u1ebb quanh n\u0103m, n\u1eafng \u1ea5m trung b\u00ecnh l\u00e0m cho tr\u00e0 c\u00f3 l\u00e1 d\u00e0y, ch\u1ed3i m\u1ec1m, h\u01b0\u01a1ng th\u01a1m tinh t\u1ebf.<\/p>\n","protected":false},"featured_media":4293,"comment_status":"open","ping_status":"closed","template":"","meta":[],"product_brand":[],"product_cat":[52],"product_tag":[],"class_list":{"0":"post-2953","1":"product","2":"type-product","3":"status-publish","4":"has-post-thumbnail","6":"product_cat-qua-tang","8":"first","9":"instock","10":"featured","11":"taxable","12":"shipping-taxable","13":"product-type-simple"},"_links":{"self":[{"href":"https:\/\/vherbs.vn\/en\/wp-json\/wp\/v2\/product\/2953","targetHints":{"allow":["GET"]}}],"collection":[{"href":"https:\/\/vherbs.vn\/en\/wp-json\/wp\/v2\/product"}],"about":[{"href":"https:\/\/vherbs.vn\/en\/wp-json\/wp\/v2\/types\/product"}],"replies":[{"embeddable":true,"href":"https:\/\/vherbs.vn\/en\/wp-json\/wp\/v2\/comments?post=2953"}],"wp:featuredmedia":[{"embeddable":true,"href":"https:\/\/vherbs.vn\/en\/wp-json\/wp\/v2\/media\/4293"}],"wp:attachment":[{"href":"https:\/\/vherbs.vn\/en\/wp-json\/wp\/v2\/media?parent=2953"}],"wp:term":[{"taxonomy":"product_brand","embeddable":true,"href":"https:\/\/vherbs.vn\/en\/wp-json\/wp\/v2\/product_brand?post=2953"},{"taxonomy":"product_cat","embeddable":true,"href":"https:\/\/vherbs.vn\/en\/wp-json\/wp\/v2\/product_cat?post=2953"},{"taxonomy":"product_tag","embeddable":true,"href":"https:\/\/vherbs.vn\/en\/wp-json\/wp\/v2\/product_tag?post=2953"}],"curies":[{"name":"wp","href":"https:\/\/api.w.org\/{rel}","templated":true}]}}